{"id":1672,"date":"2023-07-07T17:07:53","date_gmt":"2023-07-07T15:07:53","guid":{"rendered":"https:\/\/www.lorigine.ch\/geschaeftsbedingungen\/"},"modified":"2023-07-21T10:10:56","modified_gmt":"2023-07-21T08:10:56","slug":"geschaeftsbedingungen","status":"publish","type":"page","link":"https:\/\/www.chocolat-suisse-en-ligne.ch\/de\/geschaeftsbedingungen\/","title":{"rendered":"GESCH\u00c4FTSBEDINGUNGEN"},"content":{"rendered":"\t\t<div data-elementor-type=\"wp-page\" data-elementor-id=\"1672\" class=\"elementor elementor-1672 elementor-1155\" data-elementor-post-type=\"page\">\n\t\t\t\t\t\t<section class=\"elementor-section elementor-top-section elementor-element elementor-element-8df7d6c elementor-section-boxed elementor-section-height-default elementor-section-height-default\" data-id=\"8df7d6c\" data-element_type=\"section\" data-e-type=\"section\">\n\t\t\t\t\t\t<div class=\"elementor-container elementor-column-gap-default\">\n\t\t\t\t\t<div class=\"elementor-column elementor-col-100 elementor-top-column elementor-element elementor-element-1ef5a92\" data-id=\"1ef5a92\" data-element_type=\"column\" data-e-type=\"column\">\n\t\t\t<div class=\"elementor-widget-wrap elementor-element-populated\">\n\t\t\t\t\t\t<div class=\"elementor-element elementor-element-3e5c0ed elementor-widget elementor-widget-text-editor\" data-id=\"3e5c0ed\" data-element_type=\"widget\" data-e-type=\"widget\" data-widget_type=\"text-editor.default\">\n\t\t\t\t<div class=\"elementor-widget-container\">\n\t\t\t\t\t\t\t\t\t<p>Die folgenden Allgemeinen Gesch\u00e4ftsbedingungen f\u00fcr den L\u2019Origine Onlin-Shop sind erstellt durch L\u2019Origine, chemin de la Boussateire 4, 1611 Le Cr\u00eat-pr\u00e8s-Semsales Suisse. Deren Geltungsbereich gilt f\u00fcr alle zus\u00e4tzlichen Bestimmungen zur Lieferung, den Versandkosten und dem Bezahlungswesen. <\/p>\n<p><strong>Einkauf<br \/>F\u00fcr jeden<\/strong><\/p>\n<p>Einkauf im L\u2019Origine Online-Shop m\u00fcssen zuerst die AGB vom K\u00e4ufer akzeptiert werden. Mit dem weitergehen im Bestellablauf bis und mit der Taste Bezahlen ersteht automatisch der Verkaufsvertrag.<\/p>\n<p><strong>Best\u00e4tigung<\/strong><br \/>Unmittelbar nach Erhalt der Bestellung best\u00e4tigt L\u2018Origine Online-Shop den Eingang der Bestellung per E-Mail. <\/p>\n<p><strong>K\u00e4uferobligationen<\/strong><br \/>Alle vom K\u00e4ufer angegebenen Daten m\u00fcssen Wahrheitsgetreu sein und der Preis ist wie angeschrieben zu bezahlen.<\/p>\n<p><strong>Versand nur in Schweiz<\/strong><br \/>Nur Bestellungen im L\u2019Origine Online-Shop aus der Schweiz und dem Lichtenstein werden behandelt.<\/p>\n<p><strong>Alkoholhaltige Produkte<\/strong><br \/>Der Verkauf von alkoholhaltigen Produkten an Personen unter 18 Jahren ist in der Schweiz verboten. Mit der Bestellung im L\u2019Origine Online-Shop anerkennt der K\u00e4ufer diese Bestimmungen. <\/p>\n<p><strong>Gew\u00e4hrleistung, Retouren und Austausch<\/strong><br \/>F\u00fcr intakte, fehlerfreie und fertig abgeschlossene Bestellungen gibt es keinen Austausch.<br \/>Die erhaltene Ware kann innert 14 Tagen ab dem Verkaufsdatum schriftlich oder per mail beanstandet werden. Bei M\u00e4ngeln, die rechtzeitig (innert 24 Stunden) gemeldet wurden, erh\u00e4lt der Kunde gegen R\u00fcckgabe der mangelhaften Produkte gleiche, m\u00e4ngelfreie Produkte. Der Kunde muss die Produkte sofort auf eigene Kosten zur\u00fcck Sendung an L\u2019Origine. Alle weitergehenden Gew\u00e4hrleistungsanspr\u00fcche des Kunden sind soweit gesetzlich zul\u00e4ssig ausgeschlossen.  <\/p>\n<p><strong>Lieferung<\/strong><\/p>\n<ul>\n<li>Die Versandkosten sind zu Hand des K\u00e4ufers. Diese Kosten sind auf der Rechnung und im Bestellwesen separat aufgef\u00fchrt.  <\/li>\n<li>Sollte eine Lieferversp\u00e4tung wegen falscher Adressenangabe oder fehlender Adresse stattfinden kann L\u2019Origine nicht zur Verantwortung gezogen werden.<\/li>\n<li>er fehlender Adresse stattfinden kann L\u2019Origine nicht zur Verantwortung gezogen werden. L\u2019Origine Online-Shop haftet nicht f\u00fcr Transportsch\u00e4den und Sch\u00e4den infolge unsachgem\u00e4\u00dfer Lagerung der Ware nach \u00dcbernahme durch den Kunden. Wetterbedingte Lieferversp\u00e4tung oder andere ungewollte Ereignisse und h\u00f6here Gewalt welche den Versand verhindern geben keinen Anspruch auf das Zur\u00fccktreten des Kaufvertrages, auch nicht auf eine Entsch\u00e4digung.  <\/li>\n<\/ul>\n<p><strong>Kontrolle und Reklamation zur Qualit\u00e4t<\/strong><br \/>Der Empf\u00e4nger verpflichtet sich, die Ware sofort nach Erhalt auf deren Vollst\u00e4ndigkeit und Zustand zu \u00fcberpr\u00fcfen. Allf\u00e4llige Beanstandungen bez\u00fcglich Qualit\u00e4t und Vollst\u00e4ndigkeit m\u00fcssen dem L\u2018Origine Online-Shop umgehend, sp\u00e4testens jedoch innert 24 Stunden nach Lieferung mitgeteilt werden. Ansonsten gilt die Lieferung als angenommen. Der Kunde hat die Produkte zu Temperaturen zwischen 12\u00b0 und 18\u00b0 Grad Celsius zu lagern. Die Luftfeuchtigkeit darf maximal 65% betragen. Die Produkte d\u00fcrfen nicht abrupte \u00c4nderungen der Temperatur unterstellt werden.   <\/p>\n<p><strong>Preise<\/strong><br \/>Alle Preise verstehen sich in Schweizer Franken (CHF) exlusive Mehrwertsteur. Die geltenden Preise sind die welche im Moment der Bestellung im L\u2019Origine Online-Shop angeschrieben sind. <\/p>\n<p><strong>Paiement<\/strong><br \/>Folgende Zahlungswesen sind anwendbar:<\/p>\n<ul>\n<li>Kreditkarten (Visa und Mastercard)<\/li>\n<li>Postfinance e-finance<\/li>\n<li>Vorrechnung, Bezhalung innert 10 Tagen <\/li>\n<li>Cash beim Abholen vor Ort<\/li>\n<li>Twint<\/li>\n<\/ul>\n<p>Die Ware wird erst nach vollst\u00e4ndiger Bezahlung geliefert.<\/p>\n<p><strong>Datenschutz<\/strong><br \/>Alle Ihre Daten werden vertraulich behandelt. Unser Hoster wird Ihre Daten nur insoweit verarbeiten, wie dies zur Erf\u00fcllung seiner Leistungspflichten erforderlich ist und unsere Weisungen in Bezug auf diese Daten befolgen.<br \/>Sie haben jederzeit das Recht unentgeltlich Auskunft \u00fcber Herkunft, Empf\u00e4nger und Zweck Ihrer gespeicherten personenbezogenen Daten zu erhalten. Sie haben au\u00dferdem ein Recht, die Berichtigung, Sperrung oder L\u00f6schung dieser Daten zu verlangen. <\/p>\n<p><strong>Anpassungen der AGB<\/strong><br \/>L\u2019Origine kann jederzeit Angaben l\u00f6schen oder hinzuf\u00fcgen um die ABG zu aktualisieren. Die aktuelle Version ist immer sichtbar www.lorigine.ch und auch diese steht als einzig G\u00fcltig <\/p>\n<p><strong>Anwendbares Recht und Gerichtsstand<\/strong><br \/>Diese Allgemeinen Bedingungen unterliegen dem materiellen Recht der Schweiz unter Ausschluss der Kollisionsnormen des Schweizerischen internationalen Privatrechts. S\u00e4mtliche Streitigkeiten aus oder in Verbindung mit den vorliegenden Allgemeinen Bedingungen unterliegen der ausschlie\u00dflichen Gerichtsbarkeit der zust\u00e4ndigen Gerichte am statutarischen Sitz von L\u2018Origine. Unbeschadet des Vorgenannten ist L\u2018Origine berechtigt, vor einem zust\u00e4ndigen Gericht einschlie\u00dflich von gem\u00e4\u00df der eingetragenen Adresse des Kunden zust\u00e4ndigen Gerichten Unterlassungsanspr\u00fcche geltend zu machen und Zahlungsklagen gegen den Kunden einzuleiten. Diese AGB stehen als Grundregeln wie auch die Artikel 184 aus dem Obligationenrecht. <\/p>\n<p>Ausschlie\u00dflich zust\u00e4ndig f\u00fcr alle Streitigkeiten zwischen den Vertragspartnern ist der Gerichtsstand Ch\u00e2tel-St-Denis, Schweiz.<br \/>M\u00e4rz 2019<\/p>\n\t\t\t\t\t\t\t\t<\/div>\n\t\t\t\t<\/div>\n\t\t\t\t\t<\/div>\n\t\t<\/div>\n\t\t\t\t\t<\/div>\n\t\t<\/section>\n\t\t\t\t<\/div>\n\t\t","protected":false},"excerpt":{"rendered":"<p>Die folgenden Allgemeinen Gesch\u00e4ftsbedingungen f\u00fcr den L\u2019Origine Onlin-Shop sind erstellt durch L\u2019Origine, chemin de la Boussateire 4, 1611 Le Cr\u00eat-pr\u00e8s-Semsales Suisse. Deren Geltungsbereich gilt f\u00fcr alle zus\u00e4tzlichen Bestimmungen zur Lieferung, den Versandkosten und dem Bezahlungswesen. EinkaufF\u00fcr jeden Einkauf im L\u2019Origine Online-Shop m\u00fcssen zuerst die AGB vom K\u00e4ufer akzeptiert werden. Mit dem weitergehen im Bestellablauf bis [&hellip;]<\/p>\n","protected":false},"author":1,"featured_media":0,"parent":0,"menu_order":0,"comment_status":"closed","ping_status":"closed","template":"elementor_header_footer","meta":{"footnotes":""},"class_list":["post-1672","page","type-page","status-publish","hentry"],"yoast_head":"<!-- This site is optimized with the Yoast SEO plugin v26.8 - https:\/\/yoast.com\/product\/yoast-seo-wordpress\/ -->\n<title>GESCH\u00c4FTSBEDINGUNGEN | CHOCOLAT ARTISANAL SUISSE EN LIGNE | L&#039;Origine<\/title>\n<meta name=\"robots\" content=\"index, follow, max-snippet:-1, max-image-preview:large, max-video-preview:-1\" \/>\n<link rel=\"canonical\" href=\"https:\/\/www.chocolat-suisse-en-ligne.ch\/de\/geschaeftsbedingungen\/\" \/>\n<meta property=\"og:locale\" content=\"de_DE\" \/>\n<meta property=\"og:type\" content=\"article\" \/>\n<meta property=\"og:title\" content=\"GESCH\u00c4FTSBEDINGUNGEN | CHOCOLAT ARTISANAL SUISSE EN LIGNE | L&#039;Origine\" \/>\n<meta property=\"og:description\" content=\"Die folgenden Allgemeinen Gesch\u00e4ftsbedingungen f\u00fcr den L\u2019Origine Onlin-Shop sind erstellt durch L\u2019Origine, chemin de la Boussateire 4, 1611 Le Cr\u00eat-pr\u00e8s-Semsales Suisse. Deren Geltungsbereich gilt f\u00fcr alle zus\u00e4tzlichen Bestimmungen zur Lieferung, den Versandkosten und dem Bezahlungswesen. EinkaufF\u00fcr jeden Einkauf im L\u2019Origine Online-Shop m\u00fcssen zuerst die AGB vom K\u00e4ufer akzeptiert werden. Mit dem weitergehen im Bestellablauf bis [&hellip;]\" \/>\n<meta property=\"og:url\" content=\"https:\/\/www.chocolat-suisse-en-ligne.ch\/de\/geschaeftsbedingungen\/\" \/>\n<meta property=\"og:site_name\" content=\"CHOCOLAT ARTISANAL SUISSE EN LIGNE | L&#039;Origine\" \/>\n<meta property=\"article:modified_time\" content=\"2023-07-21T08:10:56+00:00\" \/>\n<meta property=\"og:image\" content=\"https:\/\/www.chocolat-suisse-en-ligne.ch\/wp-content\/uploads\/2023\/06\/20062019-_DEN1797-scaled.jpg\" \/>\n\t<meta property=\"og:image:width\" content=\"2560\" \/>\n\t<meta property=\"og:image:height\" content=\"1700\" \/>\n\t<meta property=\"og:image:type\" content=\"image\/jpeg\" \/>\n<meta name=\"twitter:card\" content=\"summary_large_image\" \/>\n<meta name=\"twitter:label1\" content=\"Gesch\u00e4tzte Lesezeit\" \/>\n\t<meta name=\"twitter:data1\" content=\"3\u00a0Minuten\" \/>\n<script type=\"application\/ld+json\" class=\"yoast-schema-graph\">{\"@context\":\"https:\/\/schema.org\",\"@graph\":[{\"@type\":\"WebPage\",\"@id\":\"https:\/\/www.chocolat-suisse-en-ligne.ch\/de\/geschaeftsbedingungen\/\",\"url\":\"https:\/\/www.chocolat-suisse-en-ligne.ch\/de\/geschaeftsbedingungen\/\",\"name\":\"GESCH\u00c4FTSBEDINGUNGEN | CHOCOLAT ARTISANAL SUISSE EN LIGNE | L&#039;Origine\",\"isPartOf\":{\"@id\":\"https:\/\/www.chocolat-suisse-en-ligne.ch\/de\/#website\"},\"datePublished\":\"2023-07-07T15:07:53+00:00\",\"dateModified\":\"2023-07-21T08:10:56+00:00\",\"breadcrumb\":{\"@id\":\"https:\/\/www.chocolat-suisse-en-ligne.ch\/de\/geschaeftsbedingungen\/#breadcrumb\"},\"inLanguage\":\"de\",\"potentialAction\":[{\"@type\":\"ReadAction\",\"target\":[\"https:\/\/www.chocolat-suisse-en-ligne.ch\/de\/geschaeftsbedingungen\/\"]}]},{\"@type\":\"BreadcrumbList\",\"@id\":\"https:\/\/www.chocolat-suisse-en-ligne.ch\/de\/geschaeftsbedingungen\/#breadcrumb\",\"itemListElement\":[{\"@type\":\"ListItem\",\"position\":1,\"name\":\"Startseite\",\"item\":\"https:\/\/www.chocolat-suisse-en-ligne.ch\/de\/\"},{\"@type\":\"ListItem\",\"position\":2,\"name\":\"GESCH\u00c4FTSBEDINGUNGEN\"}]},{\"@type\":\"WebSite\",\"@id\":\"https:\/\/www.chocolat-suisse-en-ligne.ch\/de\/#website\",\"url\":\"https:\/\/www.chocolat-suisse-en-ligne.ch\/de\/\",\"name\":\"CHOCOLAT ARTISANAL SUISSE EN LIGNE | L&#039;Origine\",\"description\":\"Le v\u00e9ritable chocolat artisanal suisse en ligne \u00e0 base de lait frais de la Gruy\u00e8re. Ccomposez votre bo\u00eete de chocolat et commandez en ligne.\",\"publisher\":{\"@id\":\"https:\/\/www.chocolat-suisse-en-ligne.ch\/de\/#organization\"},\"potentialAction\":[{\"@type\":\"SearchAction\",\"target\":{\"@type\":\"EntryPoint\",\"urlTemplate\":\"https:\/\/www.chocolat-suisse-en-ligne.ch\/de\/?s={search_term_string}\"},\"query-input\":{\"@type\":\"PropertyValueSpecification\",\"valueRequired\":true,\"valueName\":\"search_term_string\"}}],\"inLanguage\":\"de\"},{\"@type\":\"Organization\",\"@id\":\"https:\/\/www.chocolat-suisse-en-ligne.ch\/de\/#organization\",\"name\":\"L\u2019Origine Chocolaterie Artisanale\",\"url\":\"https:\/\/www.chocolat-suisse-en-ligne.ch\/de\/\",\"logo\":{\"@type\":\"ImageObject\",\"inLanguage\":\"de\",\"@id\":\"https:\/\/www.chocolat-suisse-en-ligne.ch\/de\/#\/schema\/logo\/image\/\",\"url\":\"https:\/\/www.chocolat-suisse-en-ligne.ch\/wp-content\/uploads\/2023\/05\/cropped-Group-741.png\",\"contentUrl\":\"https:\/\/www.chocolat-suisse-en-ligne.ch\/wp-content\/uploads\/2023\/05\/cropped-Group-741.png\",\"width\":150,\"height\":99,\"caption\":\"L\u2019Origine Chocolaterie Artisanale\"},\"image\":{\"@id\":\"https:\/\/www.chocolat-suisse-en-ligne.ch\/de\/#\/schema\/logo\/image\/\"}}]}<\/script>\n<!-- \/ Yoast SEO plugin. -->","yoast_head_json":{"title":"GESCH\u00c4FTSBEDINGUNGEN | CHOCOLAT ARTISANAL SUISSE EN LIGNE | L&#039;Origine","robots":{"index":"index","follow":"follow","max-snippet":"max-snippet:-1","max-image-preview":"max-image-preview:large","max-video-preview":"max-video-preview:-1"},"canonical":"https:\/\/www.chocolat-suisse-en-ligne.ch\/de\/geschaeftsbedingungen\/","og_locale":"de_DE","og_type":"article","og_title":"GESCH\u00c4FTSBEDINGUNGEN | CHOCOLAT ARTISANAL SUISSE EN LIGNE | L&#039;Origine","og_description":"Die folgenden Allgemeinen Gesch\u00e4ftsbedingungen f\u00fcr den L\u2019Origine Onlin-Shop sind erstellt durch L\u2019Origine, chemin de la Boussateire 4, 1611 Le Cr\u00eat-pr\u00e8s-Semsales Suisse. Deren Geltungsbereich gilt f\u00fcr alle zus\u00e4tzlichen Bestimmungen zur Lieferung, den Versandkosten und dem Bezahlungswesen. EinkaufF\u00fcr jeden Einkauf im L\u2019Origine Online-Shop m\u00fcssen zuerst die AGB vom K\u00e4ufer akzeptiert werden. Mit dem weitergehen im Bestellablauf bis [&hellip;]","og_url":"https:\/\/www.chocolat-suisse-en-ligne.ch\/de\/geschaeftsbedingungen\/","og_site_name":"CHOCOLAT ARTISANAL SUISSE EN LIGNE | L&#039;Origine","article_modified_time":"2023-07-21T08:10:56+00:00","og_image":[{"width":2560,"height":1700,"url":"https:\/\/www.chocolat-suisse-en-ligne.ch\/wp-content\/uploads\/2023\/06\/20062019-_DEN1797-scaled.jpg","type":"image\/jpeg"}],"twitter_card":"summary_large_image","twitter_misc":{"Gesch\u00e4tzte Lesezeit":"3\u00a0Minuten"},"schema":{"@context":"https:\/\/schema.org","@graph":[{"@type":"WebPage","@id":"https:\/\/www.chocolat-suisse-en-ligne.ch\/de\/geschaeftsbedingungen\/","url":"https:\/\/www.chocolat-suisse-en-ligne.ch\/de\/geschaeftsbedingungen\/","name":"GESCH\u00c4FTSBEDINGUNGEN | CHOCOLAT ARTISANAL SUISSE EN LIGNE | L&#039;Origine","isPartOf":{"@id":"https:\/\/www.chocolat-suisse-en-ligne.ch\/de\/#website"},"datePublished":"2023-07-07T15:07:53+00:00","dateModified":"2023-07-21T08:10:56+00:00","breadcrumb":{"@id":"https:\/\/www.chocolat-suisse-en-ligne.ch\/de\/geschaeftsbedingungen\/#breadcrumb"},"inLanguage":"de","potentialAction":[{"@type":"ReadAction","target":["https:\/\/www.chocolat-suisse-en-ligne.ch\/de\/geschaeftsbedingungen\/"]}]},{"@type":"BreadcrumbList","@id":"https:\/\/www.chocolat-suisse-en-ligne.ch\/de\/geschaeftsbedingungen\/#breadcrumb","itemListElement":[{"@type":"ListItem","position":1,"name":"Startseite","item":"https:\/\/www.chocolat-suisse-en-ligne.ch\/de\/"},{"@type":"ListItem","position":2,"name":"GESCH\u00c4FTSBEDINGUNGEN"}]},{"@type":"WebSite","@id":"https:\/\/www.chocolat-suisse-en-ligne.ch\/de\/#website","url":"https:\/\/www.chocolat-suisse-en-ligne.ch\/de\/","name":"CHOCOLAT ARTISANAL SUISSE EN LIGNE | L&#039;Origine","description":"Le v\u00e9ritable chocolat artisanal suisse en ligne \u00e0 base de lait frais de la Gruy\u00e8re. Ccomposez votre bo\u00eete de chocolat et commandez en ligne.","publisher":{"@id":"https:\/\/www.chocolat-suisse-en-ligne.ch\/de\/#organization"},"potentialAction":[{"@type":"SearchAction","target":{"@type":"EntryPoint","urlTemplate":"https:\/\/www.chocolat-suisse-en-ligne.ch\/de\/?s={search_term_string}"},"query-input":{"@type":"PropertyValueSpecification","valueRequired":true,"valueName":"search_term_string"}}],"inLanguage":"de"},{"@type":"Organization","@id":"https:\/\/www.chocolat-suisse-en-ligne.ch\/de\/#organization","name":"L\u2019Origine Chocolaterie Artisanale","url":"https:\/\/www.chocolat-suisse-en-ligne.ch\/de\/","logo":{"@type":"ImageObject","inLanguage":"de","@id":"https:\/\/www.chocolat-suisse-en-ligne.ch\/de\/#\/schema\/logo\/image\/","url":"https:\/\/www.chocolat-suisse-en-ligne.ch\/wp-content\/uploads\/2023\/05\/cropped-Group-741.png","contentUrl":"https:\/\/www.chocolat-suisse-en-ligne.ch\/wp-content\/uploads\/2023\/05\/cropped-Group-741.png","width":150,"height":99,"caption":"L\u2019Origine Chocolaterie Artisanale"},"image":{"@id":"https:\/\/www.chocolat-suisse-en-ligne.ch\/de\/#\/schema\/logo\/image\/"}}]}},"_links":{"self":[{"href":"https:\/\/www.chocolat-suisse-en-ligne.ch\/de\/wp-json\/wp\/v2\/pages\/1672","targetHints":{"allow":["GET"]}}],"collection":[{"href":"https:\/\/www.chocolat-suisse-en-ligne.ch\/de\/wp-json\/wp\/v2\/pages"}],"about":[{"href":"https:\/\/www.chocolat-suisse-en-ligne.ch\/de\/wp-json\/wp\/v2\/types\/page"}],"author":[{"embeddable":true,"href":"https:\/\/www.chocolat-suisse-en-ligne.ch\/de\/wp-json\/wp\/v2\/users\/1"}],"replies":[{"embeddable":true,"href":"https:\/\/www.chocolat-suisse-en-ligne.ch\/de\/wp-json\/wp\/v2\/comments?post=1672"}],"version-history":[{"count":0,"href":"https:\/\/www.chocolat-suisse-en-ligne.ch\/de\/wp-json\/wp\/v2\/pages\/1672\/revisions"}],"wp:attachment":[{"href":"https:\/\/www.chocolat-suisse-en-ligne.ch\/de\/wp-json\/wp\/v2\/media?parent=1672"}],"curies":[{"name":"wp","href":"https:\/\/api.w.org\/{rel}","templated":true}]}}