{"id":1678,"date":"2023-06-12T15:27:35","date_gmt":"2023-06-12T13:27:35","guid":{"rendered":"https:\/\/www.lorigine.ch\/die-kunst-von-lorigine\/"},"modified":"2024-04-24T09:07:52","modified_gmt":"2024-04-24T07:07:52","slug":"die-kunst-von-lorigine","status":"publish","type":"page","link":"https:\/\/www.chocolat-suisse-en-ligne.ch\/de\/die-kunst-von-lorigine\/","title":{"rendered":"DIE KUNST VON LORIGINE"},"content":{"rendered":"\t\t<div data-elementor-type=\"wp-page\" data-elementor-id=\"1678\" class=\"elementor elementor-1678 elementor-213\" data-elementor-post-type=\"page\">\n\t\t\t\t\t\t<section class=\"elementor-section elementor-top-section elementor-element elementor-element-61f4f34 elementor-section-boxed elementor-section-height-default elementor-section-height-default\" data-id=\"61f4f34\" data-element_type=\"section\" data-e-type=\"section\">\n\t\t\t\t\t\t<div class=\"elementor-container elementor-column-gap-default\">\n\t\t\t\t\t<div class=\"elementor-column elementor-col-100 elementor-top-column elementor-element elementor-element-3ee93fa\" data-id=\"3ee93fa\" data-element_type=\"column\" data-e-type=\"column\">\n\t\t\t<div class=\"elementor-widget-wrap elementor-element-populated\">\n\t\t\t\t\t\t<div class=\"elementor-element elementor-element-ee26a3f elementor-invisible elementor-widget elementor-widget-image\" data-id=\"ee26a3f\" data-element_type=\"widget\" data-e-type=\"widget\" data-settings=\"{&quot;_animation&quot;:&quot;slideInLeft&quot;}\" data-widget_type=\"image.default\">\n\t\t\t\t<div class=\"elementor-widget-container\">\n\t\t\t\t\t\t\t\t\t\t\t\t\t\t\t<img fetchpriority=\"high\" decoding=\"async\" width=\"1200\" height=\"801\" src=\"https:\/\/www.chocolat-suisse-en-ligne.ch\/wp-content\/uploads\/2024\/04\/lorigine-staff2024.jpg\" class=\"attachment-full size-full wp-image-2977\" alt=\"\" srcset=\"https:\/\/www.chocolat-suisse-en-ligne.ch\/wp-content\/uploads\/2024\/04\/lorigine-staff2024.jpg 1200w, https:\/\/www.chocolat-suisse-en-ligne.ch\/wp-content\/uploads\/2024\/04\/lorigine-staff2024-300x200.jpg 300w, https:\/\/www.chocolat-suisse-en-ligne.ch\/wp-content\/uploads\/2024\/04\/lorigine-staff2024-1024x684.jpg 1024w, https:\/\/www.chocolat-suisse-en-ligne.ch\/wp-content\/uploads\/2024\/04\/lorigine-staff2024-768x513.jpg 768w, https:\/\/www.chocolat-suisse-en-ligne.ch\/wp-content\/uploads\/2024\/04\/lorigine-staff2024-600x401.jpg 600w, https:\/\/www.chocolat-suisse-en-ligne.ch\/wp-content\/uploads\/2024\/04\/lorigine-staff2024-64x43.jpg 64w\" sizes=\"(max-width: 1200px) 100vw, 1200px\" \/>\t\t\t\t\t\t\t\t\t\t\t\t\t\t\t<\/div>\n\t\t\t\t<\/div>\n\t\t\t\t\t<\/div>\n\t\t<\/div>\n\t\t\t\t\t<\/div>\n\t\t<\/section>\n\t\t\t\t<section class=\"elementor-section elementor-top-section elementor-element elementor-element-2497105 elementor-section-boxed elementor-section-height-default elementor-section-height-default\" data-id=\"2497105\" data-element_type=\"section\" data-e-type=\"section\">\n\t\t\t\t\t\t<div class=\"elementor-container elementor-column-gap-default\">\n\t\t\t\t\t<div class=\"elementor-column elementor-col-100 elementor-top-column elementor-element elementor-element-92c6815\" data-id=\"92c6815\" data-element_type=\"column\" data-e-type=\"column\">\n\t\t\t<div class=\"elementor-widget-wrap elementor-element-populated\">\n\t\t\t\t\t\t<div class=\"elementor-element elementor-element-1b9f893 elementor-widget elementor-widget-heading\" data-id=\"1b9f893\" data-element_type=\"widget\" data-e-type=\"widget\" data-widget_type=\"heading.default\">\n\t\t\t\t<div class=\"elementor-widget-container\">\n\t\t\t\t\t<h2 class=\"elementor-heading-title elementor-size-default\">Das Schok-Team, das hinter den schokoladigen K\u00f6stlichkeiten von l'Origine steckt!<\/h2>\t\t\t\t<\/div>\n\t\t\t\t<\/div>\n\t\t\t\t<div class=\"elementor-element elementor-element-7404daa elementor-widget elementor-widget-text-editor\" data-id=\"7404daa\" data-element_type=\"widget\" data-e-type=\"widget\" data-widget_type=\"text-editor.default\">\n\t\t\t\t<div class=\"elementor-widget-container\">\n\t\t\t\t\t\t\t\t\t<p class=\"\"><span lang=\"DE-CH\">Im Zentrum steht Sandrine, die im Mai 2019 ihre eigene Schokoladenfabrik gegr\u00fcndet hat. Mit Leidenschaft f\u00fcr ihren Beruf kreierte sie viele Schokoladenprodukte, die Sie auf dieser Website finden k\u00f6nnen.<\/span><\/p><p class=\"\"><span lang=\"DE-CH\">Anfangs wurden die Schokoladen online und dann nach und nach von Einzelh\u00e4ndlern in verschiedenen Regionen der Westschweiz verkauft.<\/span><\/p><p class=\"\"><span lang=\"DE-CH\">Auf der rechten Seite ist Regula, die Mutter der Schoggi Spezialistin, die mit ihrem kreativen Talent und ihrer grenzenlosen Geduld die Verpackungen an die Pralinen angepasst hat.<\/span><\/p><p class=\"\"><span lang=\"DE-CH\">Da die Anzahl der Wiederverk\u00e4ufer zunahm und die Bestellungen h\u00e4ufiger wurden, mussten zus\u00e4tzliche fleissige H\u00e4nde gefunden werden. Deshalb wurde im April 2023 die kleine Schwester Estelle, links auf dem Foto, eingestellt. Sie wechselt aus der Administration in die Schokoladenwelt und wurde von Sandrine f\u00fcr die Herstellung von Pralinen ausgebildet. Sie k\u00fcmmert sich auch um einen guten Teil der Verwaltung.<\/span><\/p><p class=\"\"><span lang=\"DE-CH\">Dieses Familientrio geht so gut wie m\u00f6glich auf Eure s\u00fcssen Schoggi-W\u00fcnsche ein.\u00a0<\/span><\/p>\t\t\t\t\t\t\t\t<\/div>\n\t\t\t\t<\/div>\n\t\t\t\t\t<\/div>\n\t\t<\/div>\n\t\t\t\t\t<\/div>\n\t\t<\/section>\n\t\t\t\t<\/div>\n\t\t","protected":false},"excerpt":{"rendered":"<p>Das Schok-Team, das hinter den schokoladigen K\u00f6stlichkeiten von l&#8217;Origine steckt! Im Zentrum steht Sandrine, die im Mai 2019 ihre eigene Schokoladenfabrik gegr\u00fcndet hat. Mit Leidenschaft f\u00fcr ihren Beruf kreierte sie viele Schokoladenprodukte, die Sie auf dieser Website finden k\u00f6nnen. Anfangs wurden die Schokoladen online und dann nach und nach von Einzelh\u00e4ndlern in verschiedenen Regionen der [&hellip;]<\/p>\n","protected":false},"author":1,"featured_media":0,"parent":0,"menu_order":0,"comment_status":"closed","ping_status":"closed","template":"elementor_header_footer","meta":{"footnotes":""},"class_list":["post-1678","page","type-page","status-publish","hentry"],"yoast_head":"<!-- This site is optimized with the Yoast SEO plugin v26.8 - https:\/\/yoast.com\/product\/yoast-seo-wordpress\/ -->\n<title>DIE KUNST VON LORIGINE | CHOCOLAT ARTISANAL SUISSE EN LIGNE | L&#039;Origine<\/title>\n<meta name=\"robots\" content=\"index, follow, max-snippet:-1, max-image-preview:large, max-video-preview:-1\" \/>\n<link rel=\"canonical\" href=\"https:\/\/www.chocolat-suisse-en-ligne.ch\/de\/die-kunst-von-lorigine\/\" \/>\n<meta property=\"og:locale\" content=\"de_DE\" \/>\n<meta property=\"og:type\" content=\"article\" \/>\n<meta property=\"og:title\" content=\"DIE KUNST VON LORIGINE | CHOCOLAT ARTISANAL SUISSE EN LIGNE | L&#039;Origine\" \/>\n<meta property=\"og:description\" content=\"Das Schok-Team, das hinter den schokoladigen K\u00f6stlichkeiten von l&#8217;Origine steckt! Im Zentrum steht Sandrine, die im Mai 2019 ihre eigene Schokoladenfabrik gegr\u00fcndet hat. Mit Leidenschaft f\u00fcr ihren Beruf kreierte sie viele Schokoladenprodukte, die Sie auf dieser Website finden k\u00f6nnen. Anfangs wurden die Schokoladen online und dann nach und nach von Einzelh\u00e4ndlern in verschiedenen Regionen der [&hellip;]\" \/>\n<meta property=\"og:url\" content=\"https:\/\/www.chocolat-suisse-en-ligne.ch\/de\/die-kunst-von-lorigine\/\" \/>\n<meta property=\"og:site_name\" content=\"CHOCOLAT ARTISANAL SUISSE EN LIGNE | L&#039;Origine\" \/>\n<meta property=\"article:modified_time\" content=\"2024-04-24T07:07:52+00:00\" \/>\n<meta property=\"og:image\" content=\"https:\/\/www.chocolat-suisse-en-ligne.ch\/wp-content\/uploads\/2024\/04\/lorigine-staff2024.jpg\" \/>\n<meta name=\"twitter:card\" content=\"summary_large_image\" \/>\n<meta name=\"twitter:label1\" content=\"Gesch\u00e4tzte Lesezeit\" \/>\n\t<meta name=\"twitter:data1\" content=\"2\u00a0Minuten\" \/>\n<script type=\"application\/ld+json\" class=\"yoast-schema-graph\">{\"@context\":\"https:\/\/schema.org\",\"@graph\":[{\"@type\":\"WebPage\",\"@id\":\"https:\/\/www.chocolat-suisse-en-ligne.ch\/de\/die-kunst-von-lorigine\/\",\"url\":\"https:\/\/www.chocolat-suisse-en-ligne.ch\/de\/die-kunst-von-lorigine\/\",\"name\":\"DIE KUNST VON LORIGINE | CHOCOLAT ARTISANAL SUISSE EN LIGNE | L&#039;Origine\",\"isPartOf\":{\"@id\":\"https:\/\/www.chocolat-suisse-en-ligne.ch\/de\/#website\"},\"primaryImageOfPage\":{\"@id\":\"https:\/\/www.chocolat-suisse-en-ligne.ch\/de\/die-kunst-von-lorigine\/#primaryimage\"},\"image\":{\"@id\":\"https:\/\/www.chocolat-suisse-en-ligne.ch\/de\/die-kunst-von-lorigine\/#primaryimage\"},\"thumbnailUrl\":\"https:\/\/www.chocolat-suisse-en-ligne.ch\/wp-content\/uploads\/2024\/04\/lorigine-staff2024.jpg\",\"datePublished\":\"2023-06-12T13:27:35+00:00\",\"dateModified\":\"2024-04-24T07:07:52+00:00\",\"breadcrumb\":{\"@id\":\"https:\/\/www.chocolat-suisse-en-ligne.ch\/de\/die-kunst-von-lorigine\/#breadcrumb\"},\"inLanguage\":\"de\",\"potentialAction\":[{\"@type\":\"ReadAction\",\"target\":[\"https:\/\/www.chocolat-suisse-en-ligne.ch\/de\/die-kunst-von-lorigine\/\"]}]},{\"@type\":\"ImageObject\",\"inLanguage\":\"de\",\"@id\":\"https:\/\/www.chocolat-suisse-en-ligne.ch\/de\/die-kunst-von-lorigine\/#primaryimage\",\"url\":\"https:\/\/www.chocolat-suisse-en-ligne.ch\/wp-content\/uploads\/2024\/04\/lorigine-staff2024.jpg\",\"contentUrl\":\"https:\/\/www.chocolat-suisse-en-ligne.ch\/wp-content\/uploads\/2024\/04\/lorigine-staff2024.jpg\"},{\"@type\":\"BreadcrumbList\",\"@id\":\"https:\/\/www.chocolat-suisse-en-ligne.ch\/de\/die-kunst-von-lorigine\/#breadcrumb\",\"itemListElement\":[{\"@type\":\"ListItem\",\"position\":1,\"name\":\"Startseite\",\"item\":\"https:\/\/www.chocolat-suisse-en-ligne.ch\/de\/\"},{\"@type\":\"ListItem\",\"position\":2,\"name\":\"DIE KUNST VON LORIGINE\"}]},{\"@type\":\"WebSite\",\"@id\":\"https:\/\/www.chocolat-suisse-en-ligne.ch\/de\/#website\",\"url\":\"https:\/\/www.chocolat-suisse-en-ligne.ch\/de\/\",\"name\":\"CHOCOLAT ARTISANAL SUISSE EN LIGNE | L&#039;Origine\",\"description\":\"Le v\u00e9ritable chocolat artisanal suisse en ligne \u00e0 base de lait frais de la Gruy\u00e8re. Ccomposez votre bo\u00eete de chocolat et commandez en ligne.\",\"publisher\":{\"@id\":\"https:\/\/www.chocolat-suisse-en-ligne.ch\/de\/#organization\"},\"potentialAction\":[{\"@type\":\"SearchAction\",\"target\":{\"@type\":\"EntryPoint\",\"urlTemplate\":\"https:\/\/www.chocolat-suisse-en-ligne.ch\/de\/?s={search_term_string}\"},\"query-input\":{\"@type\":\"PropertyValueSpecification\",\"valueRequired\":true,\"valueName\":\"search_term_string\"}}],\"inLanguage\":\"de\"},{\"@type\":\"Organization\",\"@id\":\"https:\/\/www.chocolat-suisse-en-ligne.ch\/de\/#organization\",\"name\":\"L\u2019Origine Chocolaterie Artisanale\",\"url\":\"https:\/\/www.chocolat-suisse-en-ligne.ch\/de\/\",\"logo\":{\"@type\":\"ImageObject\",\"inLanguage\":\"de\",\"@id\":\"https:\/\/www.chocolat-suisse-en-ligne.ch\/de\/#\/schema\/logo\/image\/\",\"url\":\"https:\/\/www.chocolat-suisse-en-ligne.ch\/wp-content\/uploads\/2023\/05\/cropped-Group-741.png\",\"contentUrl\":\"https:\/\/www.chocolat-suisse-en-ligne.ch\/wp-content\/uploads\/2023\/05\/cropped-Group-741.png\",\"width\":150,\"height\":99,\"caption\":\"L\u2019Origine Chocolaterie Artisanale\"},\"image\":{\"@id\":\"https:\/\/www.chocolat-suisse-en-ligne.ch\/de\/#\/schema\/logo\/image\/\"}}]}<\/script>\n<!-- \/ Yoast SEO plugin. -->","yoast_head_json":{"title":"DIE KUNST VON LORIGINE | CHOCOLAT ARTISANAL SUISSE EN LIGNE | L&#039;Origine","robots":{"index":"index","follow":"follow","max-snippet":"max-snippet:-1","max-image-preview":"max-image-preview:large","max-video-preview":"max-video-preview:-1"},"canonical":"https:\/\/www.chocolat-suisse-en-ligne.ch\/de\/die-kunst-von-lorigine\/","og_locale":"de_DE","og_type":"article","og_title":"DIE KUNST VON LORIGINE | CHOCOLAT ARTISANAL SUISSE EN LIGNE | L&#039;Origine","og_description":"Das Schok-Team, das hinter den schokoladigen K\u00f6stlichkeiten von l&#8217;Origine steckt! Im Zentrum steht Sandrine, die im Mai 2019 ihre eigene Schokoladenfabrik gegr\u00fcndet hat. Mit Leidenschaft f\u00fcr ihren Beruf kreierte sie viele Schokoladenprodukte, die Sie auf dieser Website finden k\u00f6nnen. Anfangs wurden die Schokoladen online und dann nach und nach von Einzelh\u00e4ndlern in verschiedenen Regionen der [&hellip;]","og_url":"https:\/\/www.chocolat-suisse-en-ligne.ch\/de\/die-kunst-von-lorigine\/","og_site_name":"CHOCOLAT ARTISANAL SUISSE EN LIGNE | L&#039;Origine","article_modified_time":"2024-04-24T07:07:52+00:00","og_image":[{"url":"https:\/\/www.chocolat-suisse-en-ligne.ch\/wp-content\/uploads\/2024\/04\/lorigine-staff2024.jpg","type":"","width":"","height":""}],"twitter_card":"summary_large_image","twitter_misc":{"Gesch\u00e4tzte Lesezeit":"2\u00a0Minuten"},"schema":{"@context":"https:\/\/schema.org","@graph":[{"@type":"WebPage","@id":"https:\/\/www.chocolat-suisse-en-ligne.ch\/de\/die-kunst-von-lorigine\/","url":"https:\/\/www.chocolat-suisse-en-ligne.ch\/de\/die-kunst-von-lorigine\/","name":"DIE KUNST VON LORIGINE | CHOCOLAT ARTISANAL SUISSE EN LIGNE | L&#039;Origine","isPartOf":{"@id":"https:\/\/www.chocolat-suisse-en-ligne.ch\/de\/#website"},"primaryImageOfPage":{"@id":"https:\/\/www.chocolat-suisse-en-ligne.ch\/de\/die-kunst-von-lorigine\/#primaryimage"},"image":{"@id":"https:\/\/www.chocolat-suisse-en-ligne.ch\/de\/die-kunst-von-lorigine\/#primaryimage"},"thumbnailUrl":"https:\/\/www.chocolat-suisse-en-ligne.ch\/wp-content\/uploads\/2024\/04\/lorigine-staff2024.jpg","datePublished":"2023-06-12T13:27:35+00:00","dateModified":"2024-04-24T07:07:52+00:00","breadcrumb":{"@id":"https:\/\/www.chocolat-suisse-en-ligne.ch\/de\/die-kunst-von-lorigine\/#breadcrumb"},"inLanguage":"de","potentialAction":[{"@type":"ReadAction","target":["https:\/\/www.chocolat-suisse-en-ligne.ch\/de\/die-kunst-von-lorigine\/"]}]},{"@type":"ImageObject","inLanguage":"de","@id":"https:\/\/www.chocolat-suisse-en-ligne.ch\/de\/die-kunst-von-lorigine\/#primaryimage","url":"https:\/\/www.chocolat-suisse-en-ligne.ch\/wp-content\/uploads\/2024\/04\/lorigine-staff2024.jpg","contentUrl":"https:\/\/www.chocolat-suisse-en-ligne.ch\/wp-content\/uploads\/2024\/04\/lorigine-staff2024.jpg"},{"@type":"BreadcrumbList","@id":"https:\/\/www.chocolat-suisse-en-ligne.ch\/de\/die-kunst-von-lorigine\/#breadcrumb","itemListElement":[{"@type":"ListItem","position":1,"name":"Startseite","item":"https:\/\/www.chocolat-suisse-en-ligne.ch\/de\/"},{"@type":"ListItem","position":2,"name":"DIE KUNST VON LORIGINE"}]},{"@type":"WebSite","@id":"https:\/\/www.chocolat-suisse-en-ligne.ch\/de\/#website","url":"https:\/\/www.chocolat-suisse-en-ligne.ch\/de\/","name":"CHOCOLAT ARTISANAL SUISSE EN LIGNE | L&#039;Origine","description":"Le v\u00e9ritable chocolat artisanal suisse en ligne \u00e0 base de lait frais de la Gruy\u00e8re. Ccomposez votre bo\u00eete de chocolat et commandez en ligne.","publisher":{"@id":"https:\/\/www.chocolat-suisse-en-ligne.ch\/de\/#organization"},"potentialAction":[{"@type":"SearchAction","target":{"@type":"EntryPoint","urlTemplate":"https:\/\/www.chocolat-suisse-en-ligne.ch\/de\/?s={search_term_string}"},"query-input":{"@type":"PropertyValueSpecification","valueRequired":true,"valueName":"search_term_string"}}],"inLanguage":"de"},{"@type":"Organization","@id":"https:\/\/www.chocolat-suisse-en-ligne.ch\/de\/#organization","name":"L\u2019Origine Chocolaterie Artisanale","url":"https:\/\/www.chocolat-suisse-en-ligne.ch\/de\/","logo":{"@type":"ImageObject","inLanguage":"de","@id":"https:\/\/www.chocolat-suisse-en-ligne.ch\/de\/#\/schema\/logo\/image\/","url":"https:\/\/www.chocolat-suisse-en-ligne.ch\/wp-content\/uploads\/2023\/05\/cropped-Group-741.png","contentUrl":"https:\/\/www.chocolat-suisse-en-ligne.ch\/wp-content\/uploads\/2023\/05\/cropped-Group-741.png","width":150,"height":99,"caption":"L\u2019Origine Chocolaterie Artisanale"},"image":{"@id":"https:\/\/www.chocolat-suisse-en-ligne.ch\/de\/#\/schema\/logo\/image\/"}}]}},"_links":{"self":[{"href":"https:\/\/www.chocolat-suisse-en-ligne.ch\/de\/wp-json\/wp\/v2\/pages\/1678","targetHints":{"allow":["GET"]}}],"collection":[{"href":"https:\/\/www.chocolat-suisse-en-ligne.ch\/de\/wp-json\/wp\/v2\/pages"}],"about":[{"href":"https:\/\/www.chocolat-suisse-en-ligne.ch\/de\/wp-json\/wp\/v2\/types\/page"}],"author":[{"embeddable":true,"href":"https:\/\/www.chocolat-suisse-en-ligne.ch\/de\/wp-json\/wp\/v2\/users\/1"}],"replies":[{"embeddable":true,"href":"https:\/\/www.chocolat-suisse-en-ligne.ch\/de\/wp-json\/wp\/v2\/comments?post=1678"}],"version-history":[{"count":6,"href":"https:\/\/www.chocolat-suisse-en-ligne.ch\/de\/wp-json\/wp\/v2\/pages\/1678\/revisions"}],"predecessor-version":[{"id":2996,"href":"https:\/\/www.chocolat-suisse-en-ligne.ch\/de\/wp-json\/wp\/v2\/pages\/1678\/revisions\/2996"}],"wp:attachment":[{"href":"https:\/\/www.chocolat-suisse-en-ligne.ch\/de\/wp-json\/wp\/v2\/media?parent=1678"}],"curies":[{"name":"wp","href":"https:\/\/api.w.org\/{rel}","templated":true}]}}