{"id":1920,"date":"2023-06-20T16:18:47","date_gmt":"2023-06-20T14:18:47","guid":{"rendered":"https:\/\/www.lorigine.ch\/presse\/"},"modified":"2023-08-31T10:02:24","modified_gmt":"2023-08-31T08:02:24","slug":"presse","status":"publish","type":"page","link":"https:\/\/www.chocolat-suisse-en-ligne.ch\/de\/presse\/","title":{"rendered":"PRESSE"},"content":{"rendered":"\t\t<div data-elementor-type=\"wp-page\" data-elementor-id=\"1920\" class=\"elementor elementor-1920 elementor-376\" data-elementor-post-type=\"page\">\n\t\t\t\t\t\t<section class=\"elementor-section elementor-top-section elementor-element elementor-element-109845f elementor-section-boxed elementor-section-height-default elementor-section-height-default\" data-id=\"109845f\" data-element_type=\"section\" data-e-type=\"section\">\n\t\t\t\t\t\t<div class=\"elementor-container elementor-column-gap-default\">\n\t\t\t\t\t<div class=\"elementor-column elementor-col-100 elementor-top-column elementor-element elementor-element-aeb993a\" data-id=\"aeb993a\" data-element_type=\"column\" data-e-type=\"column\">\n\t\t\t<div class=\"elementor-widget-wrap elementor-element-populated\">\n\t\t\t\t\t\t<div class=\"elementor-element elementor-element-6fbb8fa elementor-grid-2 elementor-posts--align-center elementor-grid-tablet-2 elementor-grid-mobile-1 elementor-posts--thumbnail-top elementor-widget elementor-widget-posts\" data-id=\"6fbb8fa\" data-element_type=\"widget\" data-e-type=\"widget\" data-settings=\"{&quot;classic_columns&quot;:&quot;2&quot;,&quot;classic_masonry&quot;:&quot;yes&quot;,&quot;classic_columns_tablet&quot;:&quot;2&quot;,&quot;classic_columns_mobile&quot;:&quot;1&quot;,&quot;classic_row_gap&quot;:{&quot;unit&quot;:&quot;px&quot;,&quot;size&quot;:35,&quot;sizes&quot;:[]},&quot;classic_row_gap_tablet&quot;:{&quot;unit&quot;:&quot;px&quot;,&quot;size&quot;:&quot;&quot;,&quot;sizes&quot;:[]},&quot;classic_row_gap_mobile&quot;:{&quot;unit&quot;:&quot;px&quot;,&quot;size&quot;:&quot;&quot;,&quot;sizes&quot;:[]}}\" data-widget_type=\"posts.classic\">\n\t\t\t\t<div class=\"elementor-widget-container\">\n\t\t\t\t\t\t\t<div class=\"elementor-posts-container elementor-posts elementor-posts--skin-classic elementor-grid\" role=\"list\">\n\t\t\t\t<article class=\"elementor-post elementor-grid-item post-2142 post type-post status-publish format-standard has-post-thumbnail hentry category-news\" role=\"listitem\">\n\t\t\t\t<a class=\"elementor-post__thumbnail__link\" href=\"https:\/\/www.chocolat-suisse-en-ligne.ch\/de\/gault-millau\/\" tabindex=\"-1\" >\n\t\t\t<div class=\"elementor-post__thumbnail\"><img decoding=\"async\" width=\"200\" height=\"116\" src=\"https:\/\/www.chocolat-suisse-en-ligne.ch\/wp-content\/uploads\/2023\/06\/Group-924@2x-e1687270662741.png\" class=\"attachment-full size-full wp-image-1459\" alt=\"\" srcset=\"https:\/\/www.chocolat-suisse-en-ligne.ch\/wp-content\/uploads\/2023\/06\/Group-924@2x-e1687270662741.png 200w, https:\/\/www.chocolat-suisse-en-ligne.ch\/wp-content\/uploads\/2023\/06\/Group-924@2x-e1687270662741-64x37.png 64w\" sizes=\"(max-width: 200px) 100vw, 200px\" \/><\/div>\n\t\t<\/a>\n\t\t\t\t<div class=\"elementor-post__text\">\n\t\t\t\t<h3 class=\"elementor-post__title\">\n\t\t\t<a href=\"https:\/\/www.chocolat-suisse-en-ligne.ch\/de\/gault-millau\/\" >\n\t\t\t\tGault &#038; Millau\t\t\t<\/a>\n\t\t<\/h3>\n\t\t\t\t<div class=\"elementor-post__meta-data\">\n\t\t\t\t\t<span class=\"elementor-post-date\">\n\t\t\t29. Mai 2023\t\t<\/span>\n\t\t\t\t<\/div>\n\t\t\t\t<div class=\"elementor-post__excerpt\">\n\t\t\t<p>25 Chocolatiers artisanaux pour f\u00eater P\u00e2ques O\u00f9 acheter vos chocolats pour P\u00e2ques? Nous vous d\u00e9voilons 25 petits artisans pour des achats gourmands. par Sim\u00e9on Calame<\/p>\n\t\t<\/div>\n\t\t\n\t\t<a class=\"elementor-post__read-more\" href=\"https:\/\/www.chocolat-suisse-en-ligne.ch\/de\/gault-millau\/\" aria-label=\"Mehr \u00fcber Gault &#038; Millau\" tabindex=\"-1\" >\n\t\t\tWeiterlesen \u00bb\t\t<\/a>\n\n\t\t\t\t<\/div>\n\t\t\t\t<\/article>\n\t\t\t\t<article class=\"elementor-post elementor-grid-item post-2140 post type-post status-publish format-standard has-post-thumbnail hentry category-news\" role=\"listitem\">\n\t\t\t\t<a class=\"elementor-post__thumbnail__link\" href=\"https:\/\/www.chocolat-suisse-en-ligne.ch\/de\/fribourgissima\/\" tabindex=\"-1\" >\n\t\t\t<div class=\"elementor-post__thumbnail\"><img fetchpriority=\"high\" decoding=\"async\" width=\"768\" height=\"479\" src=\"https:\/\/www.chocolat-suisse-en-ligne.ch\/wp-content\/uploads\/2023\/06\/Fribourgissima-image-01-2022-768x479-1.jpeg\" class=\"attachment-full size-full wp-image-1471\" alt=\"\" srcset=\"https:\/\/www.chocolat-suisse-en-ligne.ch\/wp-content\/uploads\/2023\/06\/Fribourgissima-image-01-2022-768x479-1.jpeg 768w, https:\/\/www.chocolat-suisse-en-ligne.ch\/wp-content\/uploads\/2023\/06\/Fribourgissima-image-01-2022-768x479-1-600x374.jpeg 600w, https:\/\/www.chocolat-suisse-en-ligne.ch\/wp-content\/uploads\/2023\/06\/Fribourgissima-image-01-2022-768x479-1-64x40.jpeg 64w, https:\/\/www.chocolat-suisse-en-ligne.ch\/wp-content\/uploads\/2023\/06\/Fribourgissima-image-01-2022-768x479-1-300x187.jpeg 300w\" sizes=\"(max-width: 768px) 100vw, 768px\" \/><\/div>\n\t\t<\/a>\n\t\t\t\t<div class=\"elementor-post__text\">\n\t\t\t\t<h3 class=\"elementor-post__title\">\n\t\t\t<a href=\"https:\/\/www.chocolat-suisse-en-ligne.ch\/de\/fribourgissima\/\" >\n\t\t\t\tFribourgissima\t\t\t<\/a>\n\t\t<\/h3>\n\t\t\t\t<div class=\"elementor-post__meta-data\">\n\t\t\t\t\t<span class=\"elementor-post-date\">\n\t\t\t20. Juni 2023\t\t<\/span>\n\t\t\t\t<\/div>\n\t\t\t\t<div class=\"elementor-post__excerpt\">\n\t\t\t<p>L\u2019Origine \u2013 Chocolaterie artisanale A l\u2019Origine, il y avait l\u2019affection d\u2019un enfant pour la p\u00e2tisserie et les friandises. Au fil des ann\u00e9es, cette m\u00eame petite<\/p>\n\t\t<\/div>\n\t\t\n\t\t<a class=\"elementor-post__read-more\" href=\"https:\/\/www.chocolat-suisse-en-ligne.ch\/de\/fribourgissima\/\" aria-label=\"Mehr \u00fcber Fribourgissima\" tabindex=\"-1\" >\n\t\t\tWeiterlesen \u00bb\t\t<\/a>\n\n\t\t\t\t<\/div>\n\t\t\t\t<\/article>\n\t\t\t\t<article class=\"elementor-post elementor-grid-item post-4287 post type-post status-publish format-standard has-post-thumbnail hentry category-news\" role=\"listitem\">\n\t\t\t\t<a class=\"elementor-post__thumbnail__link\" href=\"https:\/\/www.chocolat-suisse-en-ligne.ch\/de\/24heures\/\" tabindex=\"-1\" >\n\t\t\t<div class=\"elementor-post__thumbnail\"><img decoding=\"async\" width=\"1168\" height=\"200\" src=\"https:\/\/www.chocolat-suisse-en-ligne.ch\/wp-content\/uploads\/2025\/12\/24-heures.webp\" class=\"attachment-full size-full wp-image-4276\" alt=\"\" srcset=\"https:\/\/www.chocolat-suisse-en-ligne.ch\/wp-content\/uploads\/2025\/12\/24-heures.webp 1168w, https:\/\/www.chocolat-suisse-en-ligne.ch\/wp-content\/uploads\/2025\/12\/24-heures-300x51.webp 300w, https:\/\/www.chocolat-suisse-en-ligne.ch\/wp-content\/uploads\/2025\/12\/24-heures-1024x175.webp 1024w, https:\/\/www.chocolat-suisse-en-ligne.ch\/wp-content\/uploads\/2025\/12\/24-heures-768x132.webp 768w, https:\/\/www.chocolat-suisse-en-ligne.ch\/wp-content\/uploads\/2025\/12\/24-heures-600x103.webp 600w, https:\/\/www.chocolat-suisse-en-ligne.ch\/wp-content\/uploads\/2025\/12\/24-heures-64x11.webp 64w\" sizes=\"(max-width: 1168px) 100vw, 1168px\" \/><\/div>\n\t\t<\/a>\n\t\t\t\t<div class=\"elementor-post__text\">\n\t\t\t\t<h3 class=\"elementor-post__title\">\n\t\t\t<a href=\"https:\/\/www.chocolat-suisse-en-ligne.ch\/de\/24heures\/\" >\n\t\t\t\t24heures\t\t\t<\/a>\n\t\t<\/h3>\n\t\t\t\t<div class=\"elementor-post__meta-data\">\n\t\t\t\t\t<span class=\"elementor-post-date\">\n\t\t\t14. Dezember 2025\t\t<\/span>\n\t\t\t\t<\/div>\n\t\t\t\t<div class=\"elementor-post__excerpt\">\n\t\t\t<p>O\u00f9 acheter le meilleur chocolat pour les F\u00eates? L&#8217;origine, pour un No\u00ebl gourmand Sandrine a cr\u00e9\u00e9 sa propre chocolaterie en mai 2019. Passionn\u00e9e par son<\/p>\n\t\t<\/div>\n\t\t\n\t\t<a class=\"elementor-post__read-more\" href=\"https:\/\/www.chocolat-suisse-en-ligne.ch\/de\/24heures\/\" aria-label=\"Mehr \u00fcber 24heures\" tabindex=\"-1\" >\n\t\t\tWeiterlesen \u00bb\t\t<\/a>\n\n\t\t\t\t<\/div>\n\t\t\t\t<\/article>\n\t\t\t\t<article class=\"elementor-post elementor-grid-item post-4259 post type-post status-publish format-standard has-post-thumbnail hentry category-news\" role=\"listitem\">\n\t\t\t\t<a class=\"elementor-post__thumbnail__link\" href=\"https:\/\/www.chocolat-suisse-en-ligne.ch\/de\/la-gruyere\/\" tabindex=\"-1\" >\n\t\t\t<div class=\"elementor-post__thumbnail\"><img loading=\"lazy\" decoding=\"async\" width=\"2048\" height=\"523\" src=\"https:\/\/www.chocolat-suisse-en-ligne.ch\/wp-content\/uploads\/2026\/04\/Corporate_Notion_LG_Logo_rouge.webp\" class=\"attachment-full size-full wp-image-4232\" alt=\"\" srcset=\"https:\/\/www.chocolat-suisse-en-ligne.ch\/wp-content\/uploads\/2026\/04\/Corporate_Notion_LG_Logo_rouge.webp 2048w, https:\/\/www.chocolat-suisse-en-ligne.ch\/wp-content\/uploads\/2026\/04\/Corporate_Notion_LG_Logo_rouge-300x77.webp 300w, https:\/\/www.chocolat-suisse-en-ligne.ch\/wp-content\/uploads\/2026\/04\/Corporate_Notion_LG_Logo_rouge-1024x262.webp 1024w, https:\/\/www.chocolat-suisse-en-ligne.ch\/wp-content\/uploads\/2026\/04\/Corporate_Notion_LG_Logo_rouge-768x196.webp 768w, https:\/\/www.chocolat-suisse-en-ligne.ch\/wp-content\/uploads\/2026\/04\/Corporate_Notion_LG_Logo_rouge-1536x392.webp 1536w, https:\/\/www.chocolat-suisse-en-ligne.ch\/wp-content\/uploads\/2026\/04\/Corporate_Notion_LG_Logo_rouge-600x153.webp 600w, https:\/\/www.chocolat-suisse-en-ligne.ch\/wp-content\/uploads\/2026\/04\/Corporate_Notion_LG_Logo_rouge-64x16.webp 64w\" sizes=\"(max-width: 2048px) 100vw, 2048px\" \/><\/div>\n\t\t<\/a>\n\t\t\t\t<div class=\"elementor-post__text\">\n\t\t\t\t<h3 class=\"elementor-post__title\">\n\t\t\t<a href=\"https:\/\/www.chocolat-suisse-en-ligne.ch\/de\/la-gruyere\/\" >\n\t\t\t\tLa Gruy\u00e8re\t\t\t<\/a>\n\t\t<\/h3>\n\t\t\t\t<div class=\"elementor-post__meta-data\">\n\t\t\t\t\t<span class=\"elementor-post-date\">\n\t\t\t2. April 2026\t\t<\/span>\n\t\t\t\t<\/div>\n\t\t\t\t<div class=\"elementor-post__excerpt\">\n\t\t\t\t\t<\/div>\n\t\t\n\t\t<a class=\"elementor-post__read-more\" href=\"https:\/\/www.chocolat-suisse-en-ligne.ch\/de\/la-gruyere\/\" aria-label=\"Mehr \u00fcber La Gruy\u00e8re\" tabindex=\"-1\" >\n\t\t\tWeiterlesen \u00bb\t\t<\/a>\n\n\t\t\t\t<\/div>\n\t\t\t\t<\/article>\n\t\t\t\t<\/div>\n\t\t\n\t\t\t\t\t\t<\/div>\n\t\t\t\t<\/div>\n\t\t\t\t\t<\/div>\n\t\t<\/div>\n\t\t\t\t\t<\/div>\n\t\t<\/section>\n\t\t\t\t<\/div>\n\t\t","protected":false},"excerpt":{"rendered":"","protected":false},"author":1,"featured_media":0,"parent":0,"menu_order":0,"comment_status":"closed","ping_status":"closed","template":"elementor_header_footer","meta":{"footnotes":""},"class_list":["post-1920","page","type-page","status-publish","hentry"],"yoast_head":"<!-- This site is optimized with the Yoast SEO plugin v27.5 - https:\/\/yoast.com\/product\/yoast-seo-wordpress\/ -->\n<title>PRESSE | CHOCOLAT ARTISANAL SUISSE EN LIGNE | L&#039;Origine<\/title>\n<meta name=\"robots\" content=\"index, follow, max-snippet:-1, max-image-preview:large, max-video-preview:-1\" \/>\n<link rel=\"canonical\" href=\"https:\/\/www.chocolat-suisse-en-ligne.ch\/de\/presse\/\" \/>\n<meta property=\"og:locale\" content=\"de_DE\" \/>\n<meta property=\"og:type\" content=\"article\" \/>\n<meta property=\"og:title\" content=\"PRESSE | CHOCOLAT ARTISANAL SUISSE EN LIGNE | L&#039;Origine\" \/>\n<meta property=\"og:url\" content=\"https:\/\/www.chocolat-suisse-en-ligne.ch\/de\/presse\/\" \/>\n<meta property=\"og:site_name\" content=\"CHOCOLAT ARTISANAL SUISSE EN LIGNE | L&#039;Origine\" \/>\n<meta property=\"article:modified_time\" content=\"2023-08-31T08:02:24+00:00\" \/>\n<meta property=\"og:image\" content=\"https:\/\/www.chocolat-suisse-en-ligne.ch\/wp-content\/uploads\/2023\/06\/20062019-_DEN1797-scaled.jpg\" \/>\n\t<meta property=\"og:image:width\" content=\"2560\" \/>\n\t<meta property=\"og:image:height\" content=\"1700\" \/>\n\t<meta property=\"og:image:type\" content=\"image\/jpeg\" \/>\n<meta name=\"twitter:card\" content=\"summary_large_image\" \/>\n<meta name=\"twitter:label1\" content=\"Gesch\u00e4tzte Lesezeit\" \/>\n\t<meta name=\"twitter:data1\" content=\"2\u00a0Minuten\" \/>\n<script type=\"application\/ld+json\" class=\"yoast-schema-graph\">{\"@context\":\"https:\\\/\\\/schema.org\",\"@graph\":[{\"@type\":\"WebPage\",\"@id\":\"https:\\\/\\\/www.chocolat-suisse-en-ligne.ch\\\/de\\\/presse\\\/\",\"url\":\"https:\\\/\\\/www.chocolat-suisse-en-ligne.ch\\\/de\\\/presse\\\/\",\"name\":\"PRESSE | CHOCOLAT ARTISANAL SUISSE EN LIGNE | L&#039;Origine\",\"isPartOf\":{\"@id\":\"https:\\\/\\\/www.chocolat-suisse-en-ligne.ch\\\/de\\\/#website\"},\"datePublished\":\"2023-06-20T14:18:47+00:00\",\"dateModified\":\"2023-08-31T08:02:24+00:00\",\"breadcrumb\":{\"@id\":\"https:\\\/\\\/www.chocolat-suisse-en-ligne.ch\\\/de\\\/presse\\\/#breadcrumb\"},\"inLanguage\":\"de\",\"potentialAction\":[{\"@type\":\"ReadAction\",\"target\":[\"https:\\\/\\\/www.chocolat-suisse-en-ligne.ch\\\/de\\\/presse\\\/\"]}]},{\"@type\":\"BreadcrumbList\",\"@id\":\"https:\\\/\\\/www.chocolat-suisse-en-ligne.ch\\\/de\\\/presse\\\/#breadcrumb\",\"itemListElement\":[{\"@type\":\"ListItem\",\"position\":1,\"name\":\"Startseite\",\"item\":\"https:\\\/\\\/www.chocolat-suisse-en-ligne.ch\\\/de\\\/\"},{\"@type\":\"ListItem\",\"position\":2,\"name\":\"PRESSE\"}]},{\"@type\":\"WebSite\",\"@id\":\"https:\\\/\\\/www.chocolat-suisse-en-ligne.ch\\\/de\\\/#website\",\"url\":\"https:\\\/\\\/www.chocolat-suisse-en-ligne.ch\\\/de\\\/\",\"name\":\"CHOCOLAT ARTISANAL SUISSE EN LIGNE | L&#039;Origine\",\"description\":\"Le v\u00e9ritable chocolat artisanal suisse en ligne \u00e0 base de lait frais de la Gruy\u00e8re. Ccomposez votre bo\u00eete de chocolat et commandez en ligne.\",\"publisher\":{\"@id\":\"https:\\\/\\\/www.chocolat-suisse-en-ligne.ch\\\/de\\\/#organization\"},\"potentialAction\":[{\"@type\":\"SearchAction\",\"target\":{\"@type\":\"EntryPoint\",\"urlTemplate\":\"https:\\\/\\\/www.chocolat-suisse-en-ligne.ch\\\/de\\\/?s={search_term_string}\"},\"query-input\":{\"@type\":\"PropertyValueSpecification\",\"valueRequired\":true,\"valueName\":\"search_term_string\"}}],\"inLanguage\":\"de\"},{\"@type\":\"Organization\",\"@id\":\"https:\\\/\\\/www.chocolat-suisse-en-ligne.ch\\\/de\\\/#organization\",\"name\":\"L\u2019Origine Chocolaterie Artisanale\",\"url\":\"https:\\\/\\\/www.chocolat-suisse-en-ligne.ch\\\/de\\\/\",\"logo\":{\"@type\":\"ImageObject\",\"inLanguage\":\"de\",\"@id\":\"https:\\\/\\\/www.chocolat-suisse-en-ligne.ch\\\/de\\\/#\\\/schema\\\/logo\\\/image\\\/\",\"url\":\"https:\\\/\\\/www.chocolat-suisse-en-ligne.ch\\\/wp-content\\\/uploads\\\/2023\\\/05\\\/cropped-Group-741.png\",\"contentUrl\":\"https:\\\/\\\/www.chocolat-suisse-en-ligne.ch\\\/wp-content\\\/uploads\\\/2023\\\/05\\\/cropped-Group-741.png\",\"width\":150,\"height\":99,\"caption\":\"L\u2019Origine Chocolaterie Artisanale\"},\"image\":{\"@id\":\"https:\\\/\\\/www.chocolat-suisse-en-ligne.ch\\\/de\\\/#\\\/schema\\\/logo\\\/image\\\/\"}}]}<\/script>\n<!-- \/ Yoast SEO plugin. -->","yoast_head_json":{"title":"PRESSE | CHOCOLAT ARTISANAL SUISSE EN LIGNE | L&#039;Origine","robots":{"index":"index","follow":"follow","max-snippet":"max-snippet:-1","max-image-preview":"max-image-preview:large","max-video-preview":"max-video-preview:-1"},"canonical":"https:\/\/www.chocolat-suisse-en-ligne.ch\/de\/presse\/","og_locale":"de_DE","og_type":"article","og_title":"PRESSE | CHOCOLAT ARTISANAL SUISSE EN LIGNE | L&#039;Origine","og_url":"https:\/\/www.chocolat-suisse-en-ligne.ch\/de\/presse\/","og_site_name":"CHOCOLAT ARTISANAL SUISSE EN LIGNE | L&#039;Origine","article_modified_time":"2023-08-31T08:02:24+00:00","og_image":[{"width":2560,"height":1700,"url":"https:\/\/www.chocolat-suisse-en-ligne.ch\/wp-content\/uploads\/2023\/06\/20062019-_DEN1797-scaled.jpg","type":"image\/jpeg"}],"twitter_card":"summary_large_image","twitter_misc":{"Gesch\u00e4tzte Lesezeit":"2\u00a0Minuten"},"schema":{"@context":"https:\/\/schema.org","@graph":[{"@type":"WebPage","@id":"https:\/\/www.chocolat-suisse-en-ligne.ch\/de\/presse\/","url":"https:\/\/www.chocolat-suisse-en-ligne.ch\/de\/presse\/","name":"PRESSE | CHOCOLAT ARTISANAL SUISSE EN LIGNE | L&#039;Origine","isPartOf":{"@id":"https:\/\/www.chocolat-suisse-en-ligne.ch\/de\/#website"},"datePublished":"2023-06-20T14:18:47+00:00","dateModified":"2023-08-31T08:02:24+00:00","breadcrumb":{"@id":"https:\/\/www.chocolat-suisse-en-ligne.ch\/de\/presse\/#breadcrumb"},"inLanguage":"de","potentialAction":[{"@type":"ReadAction","target":["https:\/\/www.chocolat-suisse-en-ligne.ch\/de\/presse\/"]}]},{"@type":"BreadcrumbList","@id":"https:\/\/www.chocolat-suisse-en-ligne.ch\/de\/presse\/#breadcrumb","itemListElement":[{"@type":"ListItem","position":1,"name":"Startseite","item":"https:\/\/www.chocolat-suisse-en-ligne.ch\/de\/"},{"@type":"ListItem","position":2,"name":"PRESSE"}]},{"@type":"WebSite","@id":"https:\/\/www.chocolat-suisse-en-ligne.ch\/de\/#website","url":"https:\/\/www.chocolat-suisse-en-ligne.ch\/de\/","name":"CHOCOLAT ARTISANAL SUISSE EN LIGNE | L&#039;Origine","description":"Le v\u00e9ritable chocolat artisanal suisse en ligne \u00e0 base de lait frais de la Gruy\u00e8re. Ccomposez votre bo\u00eete de chocolat et commandez en ligne.","publisher":{"@id":"https:\/\/www.chocolat-suisse-en-ligne.ch\/de\/#organization"},"potentialAction":[{"@type":"SearchAction","target":{"@type":"EntryPoint","urlTemplate":"https:\/\/www.chocolat-suisse-en-ligne.ch\/de\/?s={search_term_string}"},"query-input":{"@type":"PropertyValueSpecification","valueRequired":true,"valueName":"search_term_string"}}],"inLanguage":"de"},{"@type":"Organization","@id":"https:\/\/www.chocolat-suisse-en-ligne.ch\/de\/#organization","name":"L\u2019Origine Chocolaterie Artisanale","url":"https:\/\/www.chocolat-suisse-en-ligne.ch\/de\/","logo":{"@type":"ImageObject","inLanguage":"de","@id":"https:\/\/www.chocolat-suisse-en-ligne.ch\/de\/#\/schema\/logo\/image\/","url":"https:\/\/www.chocolat-suisse-en-ligne.ch\/wp-content\/uploads\/2023\/05\/cropped-Group-741.png","contentUrl":"https:\/\/www.chocolat-suisse-en-ligne.ch\/wp-content\/uploads\/2023\/05\/cropped-Group-741.png","width":150,"height":99,"caption":"L\u2019Origine Chocolaterie Artisanale"},"image":{"@id":"https:\/\/www.chocolat-suisse-en-ligne.ch\/de\/#\/schema\/logo\/image\/"}}]}},"_links":{"self":[{"href":"https:\/\/www.chocolat-suisse-en-ligne.ch\/de\/wp-json\/wp\/v2\/pages\/1920","targetHints":{"allow":["GET"]}}],"collection":[{"href":"https:\/\/www.chocolat-suisse-en-ligne.ch\/de\/wp-json\/wp\/v2\/pages"}],"about":[{"href":"https:\/\/www.chocolat-suisse-en-ligne.ch\/de\/wp-json\/wp\/v2\/types\/page"}],"author":[{"embeddable":true,"href":"https:\/\/www.chocolat-suisse-en-ligne.ch\/de\/wp-json\/wp\/v2\/users\/1"}],"replies":[{"embeddable":true,"href":"https:\/\/www.chocolat-suisse-en-ligne.ch\/de\/wp-json\/wp\/v2\/comments?post=1920"}],"version-history":[{"count":0,"href":"https:\/\/www.chocolat-suisse-en-ligne.ch\/de\/wp-json\/wp\/v2\/pages\/1920\/revisions"}],"wp:attachment":[{"href":"https:\/\/www.chocolat-suisse-en-ligne.ch\/de\/wp-json\/wp\/v2\/media?parent=1920"}],"curies":[{"name":"wp","href":"https:\/\/api.w.org\/{rel}","templated":true}]}}