{"id":1720,"date":"2023-06-26T15:26:38","date_gmt":"2023-06-26T13:26:38","guid":{"rendered":"https:\/\/www.lorigine.ch\/produit\/kriptotaler\/"},"modified":"2025-05-11T08:55:13","modified_gmt":"2025-05-11T06:55:13","slug":"kriptotaler","status":"publish","type":"product","link":"https:\/\/www.chocolat-suisse-en-ligne.ch\/de\/produkt\/kriptotaler\/","title":{"rendered":"Schokolade Kriptotaler"},"content":{"rendered":"<p>Der erschwingliche Taler f\u00fcr alle ! <\/p>\n","protected":false},"excerpt":{"rendered":"<p>Aus Milchschokolade, in einem dursichtigen Pet-T\u00e4schchen.<\/p>\n","protected":false},"featured_media":3404,"template":"","meta":[],"product_brand":[],"product_cat":[108,107,130],"product_tag":[133,117,118,119,121,120],"class_list":{"0":"post-1720","1":"product","2":"type-product","3":"status-publish","4":"has-post-thumbnail","6":"product_cat-die-verschiedenen-schokoladenschachteln","7":"product_cat-schachteln","8":"product_cat-spezialitaten","9":"product_tag-bitcoin-crypto-de","10":"product_tag-boite-de","11":"product_tag-chocolat-de","12":"product_tag-decouverte-de","13":"product_tag-noel-de","14":"product_tag-pralines-de","16":"first","17":"instock","18":"taxable","19":"shipping-taxable","20":"purchasable","21":"product-type-simple"},"bundled_by":[],"bundle_stock_status":"instock","bundle_stock_quantity":null,"bundle_virtual":false,"bundle_layout":"","bundle_add_to_cart_form_location":"","bundle_editable_in_cart":false,"bundle_sold_individually_context":"","bundle_item_grouping":"","bundle_min_size":"","bundle_max_size":"","bundle_price":[],"bundled_items":[],"bundle_sell_ids":[],"yoast_head":"<!-- This site is optimized with the Yoast SEO plugin v27.5 - https:\/\/yoast.com\/product\/yoast-seo-wordpress\/ -->\n<title>Schokolade Kriptotaler | CHOCOLAT ARTISANAL SUISSE EN LIGNE | L&#039;Origine<\/title>\n<meta name=\"robots\" content=\"index, follow, max-snippet:-1, max-image-preview:large, max-video-preview:-1\" \/>\n<link rel=\"canonical\" href=\"https:\/\/www.chocolat-suisse-en-ligne.ch\/de\/produkt\/kriptotaler\/\" \/>\n<meta property=\"og:locale\" content=\"de_DE\" \/>\n<meta property=\"og:type\" content=\"article\" \/>\n<meta property=\"og:title\" content=\"Schokolade Kriptotaler | CHOCOLAT ARTISANAL SUISSE EN LIGNE | L&#039;Origine\" \/>\n<meta property=\"og:description\" content=\"Aus Milchschokolade, in einem dursichtigen Pet-T\u00e4schchen.\" \/>\n<meta property=\"og:url\" content=\"https:\/\/www.chocolat-suisse-en-ligne.ch\/de\/produkt\/kriptotaler\/\" \/>\n<meta property=\"og:site_name\" content=\"CHOCOLAT ARTISANAL SUISSE EN LIGNE | L&#039;Origine\" \/>\n<meta property=\"article:modified_time\" content=\"2025-05-11T06:55:13+00:00\" \/>\n<meta property=\"og:image\" content=\"https:\/\/www.chocolat-suisse-en-ligne.ch\/wp-content\/uploads\/2023\/06\/bitcoin-chocolat-lait-rotated.jpg\" \/>\n\t<meta property=\"og:image:width\" content=\"480\" \/>\n\t<meta property=\"og:image:height\" content=\"640\" \/>\n\t<meta property=\"og:image:type\" content=\"image\/jpeg\" \/>\n<meta name=\"twitter:card\" content=\"summary_large_image\" \/>\n<meta name=\"twitter:label1\" content=\"Gesch\u00e4tzte Lesezeit\" \/>\n\t<meta name=\"twitter:data1\" content=\"1\u00a0Minute\" \/>\n<script type=\"application\/ld+json\" class=\"yoast-schema-graph\">{\"@context\":\"https:\\\/\\\/schema.org\",\"@graph\":[{\"@type\":\"WebPage\",\"@id\":\"https:\\\/\\\/www.chocolat-suisse-en-ligne.ch\\\/de\\\/produkt\\\/kriptotaler\\\/\",\"url\":\"https:\\\/\\\/www.chocolat-suisse-en-ligne.ch\\\/de\\\/produkt\\\/kriptotaler\\\/\",\"name\":\"Schokolade Kriptotaler | CHOCOLAT ARTISANAL SUISSE EN LIGNE | L&#039;Origine\",\"isPartOf\":{\"@id\":\"https:\\\/\\\/www.chocolat-suisse-en-ligne.ch\\\/de\\\/#website\"},\"primaryImageOfPage\":{\"@id\":\"https:\\\/\\\/www.chocolat-suisse-en-ligne.ch\\\/de\\\/produkt\\\/kriptotaler\\\/#primaryimage\"},\"image\":{\"@id\":\"https:\\\/\\\/www.chocolat-suisse-en-ligne.ch\\\/de\\\/produkt\\\/kriptotaler\\\/#primaryimage\"},\"thumbnailUrl\":\"https:\\\/\\\/www.chocolat-suisse-en-ligne.ch\\\/wp-content\\\/uploads\\\/2023\\\/06\\\/bitcoin-chocolat-lait-rotated.jpg\",\"datePublished\":\"2023-06-26T13:26:38+00:00\",\"dateModified\":\"2025-05-11T06:55:13+00:00\",\"breadcrumb\":{\"@id\":\"https:\\\/\\\/www.chocolat-suisse-en-ligne.ch\\\/de\\\/produkt\\\/kriptotaler\\\/#breadcrumb\"},\"inLanguage\":\"de\",\"potentialAction\":[{\"@type\":\"ReadAction\",\"target\":[\"https:\\\/\\\/www.chocolat-suisse-en-ligne.ch\\\/de\\\/produkt\\\/kriptotaler\\\/\"]}]},{\"@type\":\"ImageObject\",\"inLanguage\":\"de\",\"@id\":\"https:\\\/\\\/www.chocolat-suisse-en-ligne.ch\\\/de\\\/produkt\\\/kriptotaler\\\/#primaryimage\",\"url\":\"https:\\\/\\\/www.chocolat-suisse-en-ligne.ch\\\/wp-content\\\/uploads\\\/2023\\\/06\\\/bitcoin-chocolat-lait-rotated.jpg\",\"contentUrl\":\"https:\\\/\\\/www.chocolat-suisse-en-ligne.ch\\\/wp-content\\\/uploads\\\/2023\\\/06\\\/bitcoin-chocolat-lait-rotated.jpg\",\"width\":480,\"height\":640,\"caption\":\"bitcoin chocolat lait\"},{\"@type\":\"BreadcrumbList\",\"@id\":\"https:\\\/\\\/www.chocolat-suisse-en-ligne.ch\\\/de\\\/produkt\\\/kriptotaler\\\/#breadcrumb\",\"itemListElement\":[{\"@type\":\"ListItem\",\"position\":1,\"name\":\"Startseite\",\"item\":\"https:\\\/\\\/www.chocolat-suisse-en-ligne.ch\\\/de\\\/\"},{\"@type\":\"ListItem\",\"position\":2,\"name\":\"SHOP\",\"item\":\"https:\\\/\\\/www.chocolat-suisse-en-ligne.ch\\\/de\\\/shop-2\\\/\"},{\"@type\":\"ListItem\",\"position\":3,\"name\":\"Schokolade Kriptotaler\"}]},{\"@type\":\"WebSite\",\"@id\":\"https:\\\/\\\/www.chocolat-suisse-en-ligne.ch\\\/de\\\/#website\",\"url\":\"https:\\\/\\\/www.chocolat-suisse-en-ligne.ch\\\/de\\\/\",\"name\":\"CHOCOLAT ARTISANAL SUISSE EN LIGNE | L&#039;Origine\",\"description\":\"Le v\u00e9ritable chocolat artisanal suisse en ligne \u00e0 base de lait frais de la Gruy\u00e8re. Ccomposez votre bo\u00eete de chocolat et commandez en ligne.\",\"publisher\":{\"@id\":\"https:\\\/\\\/www.chocolat-suisse-en-ligne.ch\\\/de\\\/#organization\"},\"potentialAction\":[{\"@type\":\"SearchAction\",\"target\":{\"@type\":\"EntryPoint\",\"urlTemplate\":\"https:\\\/\\\/www.chocolat-suisse-en-ligne.ch\\\/de\\\/?s={search_term_string}\"},\"query-input\":{\"@type\":\"PropertyValueSpecification\",\"valueRequired\":true,\"valueName\":\"search_term_string\"}}],\"inLanguage\":\"de\"},{\"@type\":\"Organization\",\"@id\":\"https:\\\/\\\/www.chocolat-suisse-en-ligne.ch\\\/de\\\/#organization\",\"name\":\"L\u2019Origine Chocolaterie Artisanale\",\"url\":\"https:\\\/\\\/www.chocolat-suisse-en-ligne.ch\\\/de\\\/\",\"logo\":{\"@type\":\"ImageObject\",\"inLanguage\":\"de\",\"@id\":\"https:\\\/\\\/www.chocolat-suisse-en-ligne.ch\\\/de\\\/#\\\/schema\\\/logo\\\/image\\\/\",\"url\":\"https:\\\/\\\/www.chocolat-suisse-en-ligne.ch\\\/wp-content\\\/uploads\\\/2023\\\/05\\\/cropped-Group-741.png\",\"contentUrl\":\"https:\\\/\\\/www.chocolat-suisse-en-ligne.ch\\\/wp-content\\\/uploads\\\/2023\\\/05\\\/cropped-Group-741.png\",\"width\":150,\"height\":99,\"caption\":\"L\u2019Origine Chocolaterie Artisanale\"},\"image\":{\"@id\":\"https:\\\/\\\/www.chocolat-suisse-en-ligne.ch\\\/de\\\/#\\\/schema\\\/logo\\\/image\\\/\"}}]}<\/script>\n<!-- \/ Yoast SEO plugin. -->","yoast_head_json":{"title":"Schokolade Kriptotaler | CHOCOLAT ARTISANAL SUISSE EN LIGNE | L&#039;Origine","robots":{"index":"index","follow":"follow","max-snippet":"max-snippet:-1","max-image-preview":"max-image-preview:large","max-video-preview":"max-video-preview:-1"},"canonical":"https:\/\/www.chocolat-suisse-en-ligne.ch\/de\/produkt\/kriptotaler\/","og_locale":"de_DE","og_type":"article","og_title":"Schokolade Kriptotaler | CHOCOLAT ARTISANAL SUISSE EN LIGNE | L&#039;Origine","og_description":"Aus Milchschokolade, in einem dursichtigen Pet-T\u00e4schchen.","og_url":"https:\/\/www.chocolat-suisse-en-ligne.ch\/de\/produkt\/kriptotaler\/","og_site_name":"CHOCOLAT ARTISANAL SUISSE EN LIGNE | L&#039;Origine","article_modified_time":"2025-05-11T06:55:13+00:00","og_image":[{"width":480,"height":640,"url":"https:\/\/www.chocolat-suisse-en-ligne.ch\/wp-content\/uploads\/2023\/06\/bitcoin-chocolat-lait-rotated.jpg","type":"image\/jpeg"}],"twitter_card":"summary_large_image","twitter_misc":{"Gesch\u00e4tzte Lesezeit":"1\u00a0Minute"},"schema":{"@context":"https:\/\/schema.org","@graph":[{"@type":"WebPage","@id":"https:\/\/www.chocolat-suisse-en-ligne.ch\/de\/produkt\/kriptotaler\/","url":"https:\/\/www.chocolat-suisse-en-ligne.ch\/de\/produkt\/kriptotaler\/","name":"Schokolade Kriptotaler | CHOCOLAT ARTISANAL SUISSE EN LIGNE | L&#039;Origine","isPartOf":{"@id":"https:\/\/www.chocolat-suisse-en-ligne.ch\/de\/#website"},"primaryImageOfPage":{"@id":"https:\/\/www.chocolat-suisse-en-ligne.ch\/de\/produkt\/kriptotaler\/#primaryimage"},"image":{"@id":"https:\/\/www.chocolat-suisse-en-ligne.ch\/de\/produkt\/kriptotaler\/#primaryimage"},"thumbnailUrl":"https:\/\/www.chocolat-suisse-en-ligne.ch\/wp-content\/uploads\/2023\/06\/bitcoin-chocolat-lait-rotated.jpg","datePublished":"2023-06-26T13:26:38+00:00","dateModified":"2025-05-11T06:55:13+00:00","breadcrumb":{"@id":"https:\/\/www.chocolat-suisse-en-ligne.ch\/de\/produkt\/kriptotaler\/#breadcrumb"},"inLanguage":"de","potentialAction":[{"@type":"ReadAction","target":["https:\/\/www.chocolat-suisse-en-ligne.ch\/de\/produkt\/kriptotaler\/"]}]},{"@type":"ImageObject","inLanguage":"de","@id":"https:\/\/www.chocolat-suisse-en-ligne.ch\/de\/produkt\/kriptotaler\/#primaryimage","url":"https:\/\/www.chocolat-suisse-en-ligne.ch\/wp-content\/uploads\/2023\/06\/bitcoin-chocolat-lait-rotated.jpg","contentUrl":"https:\/\/www.chocolat-suisse-en-ligne.ch\/wp-content\/uploads\/2023\/06\/bitcoin-chocolat-lait-rotated.jpg","width":480,"height":640,"caption":"bitcoin chocolat lait"},{"@type":"BreadcrumbList","@id":"https:\/\/www.chocolat-suisse-en-ligne.ch\/de\/produkt\/kriptotaler\/#breadcrumb","itemListElement":[{"@type":"ListItem","position":1,"name":"Startseite","item":"https:\/\/www.chocolat-suisse-en-ligne.ch\/de\/"},{"@type":"ListItem","position":2,"name":"SHOP","item":"https:\/\/www.chocolat-suisse-en-ligne.ch\/de\/shop-2\/"},{"@type":"ListItem","position":3,"name":"Schokolade Kriptotaler"}]},{"@type":"WebSite","@id":"https:\/\/www.chocolat-suisse-en-ligne.ch\/de\/#website","url":"https:\/\/www.chocolat-suisse-en-ligne.ch\/de\/","name":"CHOCOLAT ARTISANAL SUISSE EN LIGNE | L&#039;Origine","description":"Le v\u00e9ritable chocolat artisanal suisse en ligne \u00e0 base de lait frais de la Gruy\u00e8re. Ccomposez votre bo\u00eete de chocolat et commandez en ligne.","publisher":{"@id":"https:\/\/www.chocolat-suisse-en-ligne.ch\/de\/#organization"},"potentialAction":[{"@type":"SearchAction","target":{"@type":"EntryPoint","urlTemplate":"https:\/\/www.chocolat-suisse-en-ligne.ch\/de\/?s={search_term_string}"},"query-input":{"@type":"PropertyValueSpecification","valueRequired":true,"valueName":"search_term_string"}}],"inLanguage":"de"},{"@type":"Organization","@id":"https:\/\/www.chocolat-suisse-en-ligne.ch\/de\/#organization","name":"L\u2019Origine Chocolaterie Artisanale","url":"https:\/\/www.chocolat-suisse-en-ligne.ch\/de\/","logo":{"@type":"ImageObject","inLanguage":"de","@id":"https:\/\/www.chocolat-suisse-en-ligne.ch\/de\/#\/schema\/logo\/image\/","url":"https:\/\/www.chocolat-suisse-en-ligne.ch\/wp-content\/uploads\/2023\/05\/cropped-Group-741.png","contentUrl":"https:\/\/www.chocolat-suisse-en-ligne.ch\/wp-content\/uploads\/2023\/05\/cropped-Group-741.png","width":150,"height":99,"caption":"L\u2019Origine Chocolaterie Artisanale"},"image":{"@id":"https:\/\/www.chocolat-suisse-en-ligne.ch\/de\/#\/schema\/logo\/image\/"}}]}},"_links":{"self":[{"href":"https:\/\/www.chocolat-suisse-en-ligne.ch\/de\/wp-json\/wp\/v2\/product\/1720","targetHints":{"allow":["GET"]}}],"collection":[{"href":"https:\/\/www.chocolat-suisse-en-ligne.ch\/de\/wp-json\/wp\/v2\/product"}],"about":[{"href":"https:\/\/www.chocolat-suisse-en-ligne.ch\/de\/wp-json\/wp\/v2\/types\/product"}],"wp:featuredmedia":[{"embeddable":true,"href":"https:\/\/www.chocolat-suisse-en-ligne.ch\/de\/wp-json\/wp\/v2\/media\/3404"}],"wp:attachment":[{"href":"https:\/\/www.chocolat-suisse-en-ligne.ch\/de\/wp-json\/wp\/v2\/media?parent=1720"}],"wp:term":[{"taxonomy":"product_brand","embeddable":true,"href":"https:\/\/www.chocolat-suisse-en-ligne.ch\/de\/wp-json\/wp\/v2\/product_brand?post=1720"},{"taxonomy":"product_cat","embeddable":true,"href":"https:\/\/www.chocolat-suisse-en-ligne.ch\/de\/wp-json\/wp\/v2\/product_cat?post=1720"},{"taxonomy":"product_tag","embeddable":true,"href":"https:\/\/www.chocolat-suisse-en-ligne.ch\/de\/wp-json\/wp\/v2\/product_tag?post=1720"}],"curies":[{"name":"wp","href":"https:\/\/api.w.org\/{rel}","templated":true}]}}