{"id":1726,"date":"2023-06-26T15:26:36","date_gmt":"2023-06-26T13:26:36","guid":{"rendered":"https:\/\/www.lorigine.ch\/produit\/taschen-schoggi\/"},"modified":"2025-05-11T08:40:31","modified_gmt":"2025-05-11T06:40:31","slug":"taschen-schoggi","status":"publish","type":"product","link":"https:\/\/www.chocolat-suisse-en-ligne.ch\/de\/produkt\/taschen-schoggi\/","title":{"rendered":"Taschen-Schoggi"},"content":{"rendered":"<p>Etwas zum Mitnehmen!<\/p>\n","protected":false},"excerpt":{"rendered":"<p>In Kraftpapier eingepackt.<\/p>\n","protected":false},"featured_media":1603,"template":"","meta":[],"product_brand":[],"product_cat":[125,124,123,134],"product_tag":[126,127],"class_list":{"0":"post-1726","1":"product","2":"type-product","3":"status-publish","4":"has-post-thumbnail","6":"product_cat-dunkle-schokolade","7":"product_cat-milchschokolade","8":"product_cat-tafeln","9":"product_cat-weisse-schokolade","10":"product_tag-chocolat-noir-de","11":"product_tag-poche-tablette-de","13":"first","14":"instock","15":"taxable","16":"shipping-taxable","17":"purchasable","18":"product-type-variable","19":"has-default-attributes"},"bundled_by":[],"bundle_stock_status":"instock","bundle_stock_quantity":null,"bundle_virtual":false,"bundle_layout":"","bundle_add_to_cart_form_location":"","bundle_editable_in_cart":false,"bundle_sold_individually_context":"","bundle_item_grouping":"","bundle_min_size":"","bundle_max_size":"","bundle_price":[],"bundled_items":[],"bundle_sell_ids":[],"yoast_head":"<!-- This site is optimized with the Yoast SEO plugin v27.5 - https:\/\/yoast.com\/product\/yoast-seo-wordpress\/ -->\n<title>Taschen-Schoggi | CHOCOLAT ARTISANAL SUISSE EN LIGNE | L&#039;Origine<\/title>\n<meta name=\"robots\" content=\"index, follow, max-snippet:-1, max-image-preview:large, max-video-preview:-1\" \/>\n<link rel=\"canonical\" href=\"https:\/\/www.chocolat-suisse-en-ligne.ch\/de\/produkt\/taschen-schoggi\/\" \/>\n<meta property=\"og:locale\" content=\"de_DE\" \/>\n<meta property=\"og:type\" content=\"article\" \/>\n<meta property=\"og:title\" content=\"Taschen-Schoggi | CHOCOLAT ARTISANAL SUISSE EN LIGNE | L&#039;Origine\" \/>\n<meta property=\"og:description\" content=\"In Kraftpapier eingepackt.\" \/>\n<meta property=\"og:url\" content=\"https:\/\/www.chocolat-suisse-en-ligne.ch\/de\/produkt\/taschen-schoggi\/\" \/>\n<meta property=\"og:site_name\" content=\"CHOCOLAT ARTISANAL SUISSE EN LIGNE | L&#039;Origine\" \/>\n<meta property=\"article:modified_time\" content=\"2025-05-11T06:40:31+00:00\" \/>\n<meta property=\"og:image\" content=\"https:\/\/www.chocolat-suisse-en-ligne.ch\/wp-content\/uploads\/2023\/06\/Tablette-de-marche-chocolat-lait.jpg\" \/>\n\t<meta property=\"og:image:width\" content=\"472\" \/>\n\t<meta property=\"og:image:height\" content=\"640\" \/>\n\t<meta property=\"og:image:type\" content=\"image\/jpeg\" \/>\n<meta name=\"twitter:card\" content=\"summary_large_image\" \/>\n<script type=\"application\/ld+json\" class=\"yoast-schema-graph\">{\"@context\":\"https:\\\/\\\/schema.org\",\"@graph\":[{\"@type\":\"WebPage\",\"@id\":\"https:\\\/\\\/www.chocolat-suisse-en-ligne.ch\\\/de\\\/produkt\\\/taschen-schoggi\\\/\",\"url\":\"https:\\\/\\\/www.chocolat-suisse-en-ligne.ch\\\/de\\\/produkt\\\/taschen-schoggi\\\/\",\"name\":\"Taschen-Schoggi | CHOCOLAT ARTISANAL SUISSE EN LIGNE | L&#039;Origine\",\"isPartOf\":{\"@id\":\"https:\\\/\\\/www.chocolat-suisse-en-ligne.ch\\\/de\\\/#website\"},\"primaryImageOfPage\":{\"@id\":\"https:\\\/\\\/www.chocolat-suisse-en-ligne.ch\\\/de\\\/produkt\\\/taschen-schoggi\\\/#primaryimage\"},\"image\":{\"@id\":\"https:\\\/\\\/www.chocolat-suisse-en-ligne.ch\\\/de\\\/produkt\\\/taschen-schoggi\\\/#primaryimage\"},\"thumbnailUrl\":\"https:\\\/\\\/www.chocolat-suisse-en-ligne.ch\\\/wp-content\\\/uploads\\\/2023\\\/06\\\/Tablette-de-marche-chocolat-lait.jpg\",\"datePublished\":\"2023-06-26T13:26:36+00:00\",\"dateModified\":\"2025-05-11T06:40:31+00:00\",\"breadcrumb\":{\"@id\":\"https:\\\/\\\/www.chocolat-suisse-en-ligne.ch\\\/de\\\/produkt\\\/taschen-schoggi\\\/#breadcrumb\"},\"inLanguage\":\"de\",\"potentialAction\":[{\"@type\":\"ReadAction\",\"target\":[\"https:\\\/\\\/www.chocolat-suisse-en-ligne.ch\\\/de\\\/produkt\\\/taschen-schoggi\\\/\"]}]},{\"@type\":\"ImageObject\",\"inLanguage\":\"de\",\"@id\":\"https:\\\/\\\/www.chocolat-suisse-en-ligne.ch\\\/de\\\/produkt\\\/taschen-schoggi\\\/#primaryimage\",\"url\":\"https:\\\/\\\/www.chocolat-suisse-en-ligne.ch\\\/wp-content\\\/uploads\\\/2023\\\/06\\\/Tablette-de-marche-chocolat-lait.jpg\",\"contentUrl\":\"https:\\\/\\\/www.chocolat-suisse-en-ligne.ch\\\/wp-content\\\/uploads\\\/2023\\\/06\\\/Tablette-de-marche-chocolat-lait.jpg\",\"width\":472,\"height\":640},{\"@type\":\"BreadcrumbList\",\"@id\":\"https:\\\/\\\/www.chocolat-suisse-en-ligne.ch\\\/de\\\/produkt\\\/taschen-schoggi\\\/#breadcrumb\",\"itemListElement\":[{\"@type\":\"ListItem\",\"position\":1,\"name\":\"Startseite\",\"item\":\"https:\\\/\\\/www.chocolat-suisse-en-ligne.ch\\\/de\\\/\"},{\"@type\":\"ListItem\",\"position\":2,\"name\":\"SHOP\",\"item\":\"https:\\\/\\\/www.chocolat-suisse-en-ligne.ch\\\/de\\\/shop-2\\\/\"},{\"@type\":\"ListItem\",\"position\":3,\"name\":\"Taschen-Schoggi\"}]},{\"@type\":\"WebSite\",\"@id\":\"https:\\\/\\\/www.chocolat-suisse-en-ligne.ch\\\/de\\\/#website\",\"url\":\"https:\\\/\\\/www.chocolat-suisse-en-ligne.ch\\\/de\\\/\",\"name\":\"CHOCOLAT ARTISANAL SUISSE EN LIGNE | L&#039;Origine\",\"description\":\"Le v\u00e9ritable chocolat artisanal suisse en ligne \u00e0 base de lait frais de la Gruy\u00e8re. Ccomposez votre bo\u00eete de chocolat et commandez en ligne.\",\"publisher\":{\"@id\":\"https:\\\/\\\/www.chocolat-suisse-en-ligne.ch\\\/de\\\/#organization\"},\"potentialAction\":[{\"@type\":\"SearchAction\",\"target\":{\"@type\":\"EntryPoint\",\"urlTemplate\":\"https:\\\/\\\/www.chocolat-suisse-en-ligne.ch\\\/de\\\/?s={search_term_string}\"},\"query-input\":{\"@type\":\"PropertyValueSpecification\",\"valueRequired\":true,\"valueName\":\"search_term_string\"}}],\"inLanguage\":\"de\"},{\"@type\":\"Organization\",\"@id\":\"https:\\\/\\\/www.chocolat-suisse-en-ligne.ch\\\/de\\\/#organization\",\"name\":\"L\u2019Origine Chocolaterie Artisanale\",\"url\":\"https:\\\/\\\/www.chocolat-suisse-en-ligne.ch\\\/de\\\/\",\"logo\":{\"@type\":\"ImageObject\",\"inLanguage\":\"de\",\"@id\":\"https:\\\/\\\/www.chocolat-suisse-en-ligne.ch\\\/de\\\/#\\\/schema\\\/logo\\\/image\\\/\",\"url\":\"https:\\\/\\\/www.chocolat-suisse-en-ligne.ch\\\/wp-content\\\/uploads\\\/2023\\\/05\\\/cropped-Group-741.png\",\"contentUrl\":\"https:\\\/\\\/www.chocolat-suisse-en-ligne.ch\\\/wp-content\\\/uploads\\\/2023\\\/05\\\/cropped-Group-741.png\",\"width\":150,\"height\":99,\"caption\":\"L\u2019Origine Chocolaterie Artisanale\"},\"image\":{\"@id\":\"https:\\\/\\\/www.chocolat-suisse-en-ligne.ch\\\/de\\\/#\\\/schema\\\/logo\\\/image\\\/\"}}]}<\/script>\n<!-- \/ Yoast SEO plugin. -->","yoast_head_json":{"title":"Taschen-Schoggi | CHOCOLAT ARTISANAL SUISSE EN LIGNE | L&#039;Origine","robots":{"index":"index","follow":"follow","max-snippet":"max-snippet:-1","max-image-preview":"max-image-preview:large","max-video-preview":"max-video-preview:-1"},"canonical":"https:\/\/www.chocolat-suisse-en-ligne.ch\/de\/produkt\/taschen-schoggi\/","og_locale":"de_DE","og_type":"article","og_title":"Taschen-Schoggi | CHOCOLAT ARTISANAL SUISSE EN LIGNE | L&#039;Origine","og_description":"In Kraftpapier eingepackt.","og_url":"https:\/\/www.chocolat-suisse-en-ligne.ch\/de\/produkt\/taschen-schoggi\/","og_site_name":"CHOCOLAT ARTISANAL SUISSE EN LIGNE | L&#039;Origine","article_modified_time":"2025-05-11T06:40:31+00:00","og_image":[{"width":472,"height":640,"url":"https:\/\/www.chocolat-suisse-en-ligne.ch\/wp-content\/uploads\/2023\/06\/Tablette-de-marche-chocolat-lait.jpg","type":"image\/jpeg"}],"twitter_card":"summary_large_image","schema":{"@context":"https:\/\/schema.org","@graph":[{"@type":"WebPage","@id":"https:\/\/www.chocolat-suisse-en-ligne.ch\/de\/produkt\/taschen-schoggi\/","url":"https:\/\/www.chocolat-suisse-en-ligne.ch\/de\/produkt\/taschen-schoggi\/","name":"Taschen-Schoggi | CHOCOLAT ARTISANAL SUISSE EN LIGNE | L&#039;Origine","isPartOf":{"@id":"https:\/\/www.chocolat-suisse-en-ligne.ch\/de\/#website"},"primaryImageOfPage":{"@id":"https:\/\/www.chocolat-suisse-en-ligne.ch\/de\/produkt\/taschen-schoggi\/#primaryimage"},"image":{"@id":"https:\/\/www.chocolat-suisse-en-ligne.ch\/de\/produkt\/taschen-schoggi\/#primaryimage"},"thumbnailUrl":"https:\/\/www.chocolat-suisse-en-ligne.ch\/wp-content\/uploads\/2023\/06\/Tablette-de-marche-chocolat-lait.jpg","datePublished":"2023-06-26T13:26:36+00:00","dateModified":"2025-05-11T06:40:31+00:00","breadcrumb":{"@id":"https:\/\/www.chocolat-suisse-en-ligne.ch\/de\/produkt\/taschen-schoggi\/#breadcrumb"},"inLanguage":"de","potentialAction":[{"@type":"ReadAction","target":["https:\/\/www.chocolat-suisse-en-ligne.ch\/de\/produkt\/taschen-schoggi\/"]}]},{"@type":"ImageObject","inLanguage":"de","@id":"https:\/\/www.chocolat-suisse-en-ligne.ch\/de\/produkt\/taschen-schoggi\/#primaryimage","url":"https:\/\/www.chocolat-suisse-en-ligne.ch\/wp-content\/uploads\/2023\/06\/Tablette-de-marche-chocolat-lait.jpg","contentUrl":"https:\/\/www.chocolat-suisse-en-ligne.ch\/wp-content\/uploads\/2023\/06\/Tablette-de-marche-chocolat-lait.jpg","width":472,"height":640},{"@type":"BreadcrumbList","@id":"https:\/\/www.chocolat-suisse-en-ligne.ch\/de\/produkt\/taschen-schoggi\/#breadcrumb","itemListElement":[{"@type":"ListItem","position":1,"name":"Startseite","item":"https:\/\/www.chocolat-suisse-en-ligne.ch\/de\/"},{"@type":"ListItem","position":2,"name":"SHOP","item":"https:\/\/www.chocolat-suisse-en-ligne.ch\/de\/shop-2\/"},{"@type":"ListItem","position":3,"name":"Taschen-Schoggi"}]},{"@type":"WebSite","@id":"https:\/\/www.chocolat-suisse-en-ligne.ch\/de\/#website","url":"https:\/\/www.chocolat-suisse-en-ligne.ch\/de\/","name":"CHOCOLAT ARTISANAL SUISSE EN LIGNE | L&#039;Origine","description":"Le v\u00e9ritable chocolat artisanal suisse en ligne \u00e0 base de lait frais de la Gruy\u00e8re. Ccomposez votre bo\u00eete de chocolat et commandez en ligne.","publisher":{"@id":"https:\/\/www.chocolat-suisse-en-ligne.ch\/de\/#organization"},"potentialAction":[{"@type":"SearchAction","target":{"@type":"EntryPoint","urlTemplate":"https:\/\/www.chocolat-suisse-en-ligne.ch\/de\/?s={search_term_string}"},"query-input":{"@type":"PropertyValueSpecification","valueRequired":true,"valueName":"search_term_string"}}],"inLanguage":"de"},{"@type":"Organization","@id":"https:\/\/www.chocolat-suisse-en-ligne.ch\/de\/#organization","name":"L\u2019Origine Chocolaterie Artisanale","url":"https:\/\/www.chocolat-suisse-en-ligne.ch\/de\/","logo":{"@type":"ImageObject","inLanguage":"de","@id":"https:\/\/www.chocolat-suisse-en-ligne.ch\/de\/#\/schema\/logo\/image\/","url":"https:\/\/www.chocolat-suisse-en-ligne.ch\/wp-content\/uploads\/2023\/05\/cropped-Group-741.png","contentUrl":"https:\/\/www.chocolat-suisse-en-ligne.ch\/wp-content\/uploads\/2023\/05\/cropped-Group-741.png","width":150,"height":99,"caption":"L\u2019Origine Chocolaterie Artisanale"},"image":{"@id":"https:\/\/www.chocolat-suisse-en-ligne.ch\/de\/#\/schema\/logo\/image\/"}}]}},"_links":{"self":[{"href":"https:\/\/www.chocolat-suisse-en-ligne.ch\/de\/wp-json\/wp\/v2\/product\/1726","targetHints":{"allow":["GET"]}}],"collection":[{"href":"https:\/\/www.chocolat-suisse-en-ligne.ch\/de\/wp-json\/wp\/v2\/product"}],"about":[{"href":"https:\/\/www.chocolat-suisse-en-ligne.ch\/de\/wp-json\/wp\/v2\/types\/product"}],"wp:featuredmedia":[{"embeddable":true,"href":"https:\/\/www.chocolat-suisse-en-ligne.ch\/de\/wp-json\/wp\/v2\/media\/1603"}],"wp:attachment":[{"href":"https:\/\/www.chocolat-suisse-en-ligne.ch\/de\/wp-json\/wp\/v2\/media?parent=1726"}],"wp:term":[{"taxonomy":"product_brand","embeddable":true,"href":"https:\/\/www.chocolat-suisse-en-ligne.ch\/de\/wp-json\/wp\/v2\/product_brand?post=1726"},{"taxonomy":"product_cat","embeddable":true,"href":"https:\/\/www.chocolat-suisse-en-ligne.ch\/de\/wp-json\/wp\/v2\/product_cat?post=1726"},{"taxonomy":"product_tag","embeddable":true,"href":"https:\/\/www.chocolat-suisse-en-ligne.ch\/de\/wp-json\/wp\/v2\/product_tag?post=1726"}],"curies":[{"name":"wp","href":"https:\/\/api.w.org\/{rel}","templated":true}]}}