{"id":1730,"date":"2023-06-26T15:26:36","date_gmt":"2023-06-26T13:26:36","guid":{"rendered":"https:\/\/www.lorigine.ch\/?post_type=product&#038;p=1730"},"modified":"2025-05-11T09:49:23","modified_gmt":"2025-05-11T07:49:23","slug":"die-kleinen-praline-herzchen","status":"publish","type":"product","link":"https:\/\/www.chocolat-suisse-en-ligne.ch\/de\/produkt\/die-kleinen-praline-herzchen\/","title":{"rendered":"Kleine knackige Herzchen"},"content":{"rendered":"<p>Ein kleines spezielles Geschenk.<\/p>\n","protected":false},"excerpt":{"rendered":"<p>6 kleine knusprige Herzchen aus dunkler, weisser und Milchschokolade.<\/p>\n","protected":false},"featured_media":3273,"template":"","meta":[],"product_brand":[],"product_cat":[107,108,155],"product_tag":[],"class_list":{"0":"post-1730","1":"product","2":"type-product","3":"status-publish","4":"has-post-thumbnail","6":"product_cat-schachteln","7":"product_cat-die-verschiedenen-schokoladenschachteln","8":"product_cat-aktuelles-produkt","10":"first","11":"instock","12":"featured","13":"taxable","14":"shipping-taxable","15":"purchasable","16":"product-type-simple"},"bundled_by":[],"bundle_stock_status":"instock","bundle_stock_quantity":null,"bundle_virtual":false,"bundle_layout":"","bundle_add_to_cart_form_location":"","bundle_editable_in_cart":false,"bundle_sold_individually_context":"","bundle_item_grouping":"","bundle_min_size":"","bundle_max_size":"","bundle_price":[],"bundled_items":[],"bundle_sell_ids":[],"yoast_head":"<!-- This site is optimized with the Yoast SEO plugin v26.8 - https:\/\/yoast.com\/product\/yoast-seo-wordpress\/ -->\n<title>Kleine knackige Herzchen | CHOCOLAT ARTISANAL SUISSE EN LIGNE | L&#039;Origine<\/title>\n<meta name=\"robots\" content=\"index, follow, max-snippet:-1, max-image-preview:large, max-video-preview:-1\" \/>\n<link rel=\"canonical\" href=\"https:\/\/www.chocolat-suisse-en-ligne.ch\/de\/produkt\/die-kleinen-praline-herzchen\/\" \/>\n<meta property=\"og:locale\" content=\"de_DE\" \/>\n<meta property=\"og:type\" content=\"article\" \/>\n<meta property=\"og:title\" content=\"Kleine knackige Herzchen | CHOCOLAT ARTISANAL SUISSE EN LIGNE | L&#039;Origine\" \/>\n<meta property=\"og:description\" content=\"6 kleine knusprige Herzchen aus dunkler, weisser und Milchschokolade.\" \/>\n<meta property=\"og:url\" content=\"https:\/\/www.chocolat-suisse-en-ligne.ch\/de\/produkt\/die-kleinen-praline-herzchen\/\" \/>\n<meta property=\"og:site_name\" content=\"CHOCOLAT ARTISANAL SUISSE EN LIGNE | L&#039;Origine\" \/>\n<meta property=\"article:modified_time\" content=\"2025-05-11T07:49:23+00:00\" \/>\n<meta property=\"og:image\" content=\"https:\/\/www.chocolat-suisse-en-ligne.ch\/wp-content\/uploads\/2023\/06\/Petit-coeur-2025-rotated.jpg\" \/>\n\t<meta property=\"og:image:width\" content=\"240\" \/>\n\t<meta property=\"og:image:height\" content=\"320\" \/>\n\t<meta property=\"og:image:type\" content=\"image\/jpeg\" \/>\n<meta name=\"twitter:card\" content=\"summary_large_image\" \/>\n<meta name=\"twitter:label1\" content=\"Gesch\u00e4tzte Lesezeit\" \/>\n\t<meta name=\"twitter:data1\" content=\"1\u00a0Minute\" \/>\n<script type=\"application\/ld+json\" class=\"yoast-schema-graph\">{\"@context\":\"https:\/\/schema.org\",\"@graph\":[{\"@type\":\"WebPage\",\"@id\":\"https:\/\/www.chocolat-suisse-en-ligne.ch\/de\/produkt\/die-kleinen-praline-herzchen\/\",\"url\":\"https:\/\/www.chocolat-suisse-en-ligne.ch\/de\/produkt\/die-kleinen-praline-herzchen\/\",\"name\":\"Kleine knackige Herzchen | CHOCOLAT ARTISANAL SUISSE EN LIGNE | L&#039;Origine\",\"isPartOf\":{\"@id\":\"https:\/\/www.chocolat-suisse-en-ligne.ch\/de\/#website\"},\"primaryImageOfPage\":{\"@id\":\"https:\/\/www.chocolat-suisse-en-ligne.ch\/de\/produkt\/die-kleinen-praline-herzchen\/#primaryimage\"},\"image\":{\"@id\":\"https:\/\/www.chocolat-suisse-en-ligne.ch\/de\/produkt\/die-kleinen-praline-herzchen\/#primaryimage\"},\"thumbnailUrl\":\"https:\/\/www.chocolat-suisse-en-ligne.ch\/wp-content\/uploads\/2023\/06\/Petit-coeur-2025-rotated.jpg\",\"datePublished\":\"2023-06-26T13:26:36+00:00\",\"dateModified\":\"2025-05-11T07:49:23+00:00\",\"breadcrumb\":{\"@id\":\"https:\/\/www.chocolat-suisse-en-ligne.ch\/de\/produkt\/die-kleinen-praline-herzchen\/#breadcrumb\"},\"inLanguage\":\"de\",\"potentialAction\":[{\"@type\":\"ReadAction\",\"target\":[\"https:\/\/www.chocolat-suisse-en-ligne.ch\/de\/produkt\/die-kleinen-praline-herzchen\/\"]}]},{\"@type\":\"ImageObject\",\"inLanguage\":\"de\",\"@id\":\"https:\/\/www.chocolat-suisse-en-ligne.ch\/de\/produkt\/die-kleinen-praline-herzchen\/#primaryimage\",\"url\":\"https:\/\/www.chocolat-suisse-en-ligne.ch\/wp-content\/uploads\/2023\/06\/Petit-coeur-2025-rotated.jpg\",\"contentUrl\":\"https:\/\/www.chocolat-suisse-en-ligne.ch\/wp-content\/uploads\/2023\/06\/Petit-coeur-2025-rotated.jpg\",\"width\":240,\"height\":320,\"caption\":\"Coeurs croquants\"},{\"@type\":\"BreadcrumbList\",\"@id\":\"https:\/\/www.chocolat-suisse-en-ligne.ch\/de\/produkt\/die-kleinen-praline-herzchen\/#breadcrumb\",\"itemListElement\":[{\"@type\":\"ListItem\",\"position\":1,\"name\":\"Startseite\",\"item\":\"https:\/\/www.chocolat-suisse-en-ligne.ch\/de\/\"},{\"@type\":\"ListItem\",\"position\":2,\"name\":\"SHOP\",\"item\":\"https:\/\/www.chocolat-suisse-en-ligne.ch\/de\/shop-2\/\"},{\"@type\":\"ListItem\",\"position\":3,\"name\":\"Kleine knackige Herzchen\"}]},{\"@type\":\"WebSite\",\"@id\":\"https:\/\/www.chocolat-suisse-en-ligne.ch\/de\/#website\",\"url\":\"https:\/\/www.chocolat-suisse-en-ligne.ch\/de\/\",\"name\":\"CHOCOLAT ARTISANAL SUISSE EN LIGNE | L&#039;Origine\",\"description\":\"Le v\u00e9ritable chocolat artisanal suisse en ligne \u00e0 base de lait frais de la Gruy\u00e8re. Ccomposez votre bo\u00eete de chocolat et commandez en ligne.\",\"publisher\":{\"@id\":\"https:\/\/www.chocolat-suisse-en-ligne.ch\/de\/#organization\"},\"potentialAction\":[{\"@type\":\"SearchAction\",\"target\":{\"@type\":\"EntryPoint\",\"urlTemplate\":\"https:\/\/www.chocolat-suisse-en-ligne.ch\/de\/?s={search_term_string}\"},\"query-input\":{\"@type\":\"PropertyValueSpecification\",\"valueRequired\":true,\"valueName\":\"search_term_string\"}}],\"inLanguage\":\"de\"},{\"@type\":\"Organization\",\"@id\":\"https:\/\/www.chocolat-suisse-en-ligne.ch\/de\/#organization\",\"name\":\"L\u2019Origine Chocolaterie Artisanale\",\"url\":\"https:\/\/www.chocolat-suisse-en-ligne.ch\/de\/\",\"logo\":{\"@type\":\"ImageObject\",\"inLanguage\":\"de\",\"@id\":\"https:\/\/www.chocolat-suisse-en-ligne.ch\/de\/#\/schema\/logo\/image\/\",\"url\":\"https:\/\/www.chocolat-suisse-en-ligne.ch\/wp-content\/uploads\/2023\/05\/cropped-Group-741.png\",\"contentUrl\":\"https:\/\/www.chocolat-suisse-en-ligne.ch\/wp-content\/uploads\/2023\/05\/cropped-Group-741.png\",\"width\":150,\"height\":99,\"caption\":\"L\u2019Origine Chocolaterie Artisanale\"},\"image\":{\"@id\":\"https:\/\/www.chocolat-suisse-en-ligne.ch\/de\/#\/schema\/logo\/image\/\"}}]}<\/script>\n<!-- \/ Yoast SEO plugin. -->","yoast_head_json":{"title":"Kleine knackige Herzchen | CHOCOLAT ARTISANAL SUISSE EN LIGNE | L&#039;Origine","robots":{"index":"index","follow":"follow","max-snippet":"max-snippet:-1","max-image-preview":"max-image-preview:large","max-video-preview":"max-video-preview:-1"},"canonical":"https:\/\/www.chocolat-suisse-en-ligne.ch\/de\/produkt\/die-kleinen-praline-herzchen\/","og_locale":"de_DE","og_type":"article","og_title":"Kleine knackige Herzchen | CHOCOLAT ARTISANAL SUISSE EN LIGNE | L&#039;Origine","og_description":"6 kleine knusprige Herzchen aus dunkler, weisser und Milchschokolade.","og_url":"https:\/\/www.chocolat-suisse-en-ligne.ch\/de\/produkt\/die-kleinen-praline-herzchen\/","og_site_name":"CHOCOLAT ARTISANAL SUISSE EN LIGNE | L&#039;Origine","article_modified_time":"2025-05-11T07:49:23+00:00","og_image":[{"width":240,"height":320,"url":"https:\/\/www.chocolat-suisse-en-ligne.ch\/wp-content\/uploads\/2023\/06\/Petit-coeur-2025-rotated.jpg","type":"image\/jpeg"}],"twitter_card":"summary_large_image","twitter_misc":{"Gesch\u00e4tzte Lesezeit":"1\u00a0Minute"},"schema":{"@context":"https:\/\/schema.org","@graph":[{"@type":"WebPage","@id":"https:\/\/www.chocolat-suisse-en-ligne.ch\/de\/produkt\/die-kleinen-praline-herzchen\/","url":"https:\/\/www.chocolat-suisse-en-ligne.ch\/de\/produkt\/die-kleinen-praline-herzchen\/","name":"Kleine knackige Herzchen | CHOCOLAT ARTISANAL SUISSE EN LIGNE | L&#039;Origine","isPartOf":{"@id":"https:\/\/www.chocolat-suisse-en-ligne.ch\/de\/#website"},"primaryImageOfPage":{"@id":"https:\/\/www.chocolat-suisse-en-ligne.ch\/de\/produkt\/die-kleinen-praline-herzchen\/#primaryimage"},"image":{"@id":"https:\/\/www.chocolat-suisse-en-ligne.ch\/de\/produkt\/die-kleinen-praline-herzchen\/#primaryimage"},"thumbnailUrl":"https:\/\/www.chocolat-suisse-en-ligne.ch\/wp-content\/uploads\/2023\/06\/Petit-coeur-2025-rotated.jpg","datePublished":"2023-06-26T13:26:36+00:00","dateModified":"2025-05-11T07:49:23+00:00","breadcrumb":{"@id":"https:\/\/www.chocolat-suisse-en-ligne.ch\/de\/produkt\/die-kleinen-praline-herzchen\/#breadcrumb"},"inLanguage":"de","potentialAction":[{"@type":"ReadAction","target":["https:\/\/www.chocolat-suisse-en-ligne.ch\/de\/produkt\/die-kleinen-praline-herzchen\/"]}]},{"@type":"ImageObject","inLanguage":"de","@id":"https:\/\/www.chocolat-suisse-en-ligne.ch\/de\/produkt\/die-kleinen-praline-herzchen\/#primaryimage","url":"https:\/\/www.chocolat-suisse-en-ligne.ch\/wp-content\/uploads\/2023\/06\/Petit-coeur-2025-rotated.jpg","contentUrl":"https:\/\/www.chocolat-suisse-en-ligne.ch\/wp-content\/uploads\/2023\/06\/Petit-coeur-2025-rotated.jpg","width":240,"height":320,"caption":"Coeurs croquants"},{"@type":"BreadcrumbList","@id":"https:\/\/www.chocolat-suisse-en-ligne.ch\/de\/produkt\/die-kleinen-praline-herzchen\/#breadcrumb","itemListElement":[{"@type":"ListItem","position":1,"name":"Startseite","item":"https:\/\/www.chocolat-suisse-en-ligne.ch\/de\/"},{"@type":"ListItem","position":2,"name":"SHOP","item":"https:\/\/www.chocolat-suisse-en-ligne.ch\/de\/shop-2\/"},{"@type":"ListItem","position":3,"name":"Kleine knackige Herzchen"}]},{"@type":"WebSite","@id":"https:\/\/www.chocolat-suisse-en-ligne.ch\/de\/#website","url":"https:\/\/www.chocolat-suisse-en-ligne.ch\/de\/","name":"CHOCOLAT ARTISANAL SUISSE EN LIGNE | L&#039;Origine","description":"Le v\u00e9ritable chocolat artisanal suisse en ligne \u00e0 base de lait frais de la Gruy\u00e8re. Ccomposez votre bo\u00eete de chocolat et commandez en ligne.","publisher":{"@id":"https:\/\/www.chocolat-suisse-en-ligne.ch\/de\/#organization"},"potentialAction":[{"@type":"SearchAction","target":{"@type":"EntryPoint","urlTemplate":"https:\/\/www.chocolat-suisse-en-ligne.ch\/de\/?s={search_term_string}"},"query-input":{"@type":"PropertyValueSpecification","valueRequired":true,"valueName":"search_term_string"}}],"inLanguage":"de"},{"@type":"Organization","@id":"https:\/\/www.chocolat-suisse-en-ligne.ch\/de\/#organization","name":"L\u2019Origine Chocolaterie Artisanale","url":"https:\/\/www.chocolat-suisse-en-ligne.ch\/de\/","logo":{"@type":"ImageObject","inLanguage":"de","@id":"https:\/\/www.chocolat-suisse-en-ligne.ch\/de\/#\/schema\/logo\/image\/","url":"https:\/\/www.chocolat-suisse-en-ligne.ch\/wp-content\/uploads\/2023\/05\/cropped-Group-741.png","contentUrl":"https:\/\/www.chocolat-suisse-en-ligne.ch\/wp-content\/uploads\/2023\/05\/cropped-Group-741.png","width":150,"height":99,"caption":"L\u2019Origine Chocolaterie Artisanale"},"image":{"@id":"https:\/\/www.chocolat-suisse-en-ligne.ch\/de\/#\/schema\/logo\/image\/"}}]}},"_links":{"self":[{"href":"https:\/\/www.chocolat-suisse-en-ligne.ch\/de\/wp-json\/wp\/v2\/product\/1730","targetHints":{"allow":["GET"]}}],"collection":[{"href":"https:\/\/www.chocolat-suisse-en-ligne.ch\/de\/wp-json\/wp\/v2\/product"}],"about":[{"href":"https:\/\/www.chocolat-suisse-en-ligne.ch\/de\/wp-json\/wp\/v2\/types\/product"}],"wp:featuredmedia":[{"embeddable":true,"href":"https:\/\/www.chocolat-suisse-en-ligne.ch\/de\/wp-json\/wp\/v2\/media\/3273"}],"wp:attachment":[{"href":"https:\/\/www.chocolat-suisse-en-ligne.ch\/de\/wp-json\/wp\/v2\/media?parent=1730"}],"wp:term":[{"taxonomy":"product_brand","embeddable":true,"href":"https:\/\/www.chocolat-suisse-en-ligne.ch\/de\/wp-json\/wp\/v2\/product_brand?post=1730"},{"taxonomy":"product_cat","embeddable":true,"href":"https:\/\/www.chocolat-suisse-en-ligne.ch\/de\/wp-json\/wp\/v2\/product_cat?post=1730"},{"taxonomy":"product_tag","embeddable":true,"href":"https:\/\/www.chocolat-suisse-en-ligne.ch\/de\/wp-json\/wp\/v2\/product_tag?post=1730"}],"curies":[{"name":"wp","href":"https:\/\/api.w.org\/{rel}","templated":true}]}}