{"id":1822,"date":"2023-06-26T15:23:55","date_gmt":"2023-06-26T13:23:55","guid":{"rendered":"https:\/\/www.lorigine.ch\/produit\/praline-mit-firmenlogo\/"},"modified":"2023-10-25T09:56:34","modified_gmt":"2023-10-25T07:56:34","slug":"praline-mit-firmenlogo","status":"publish","type":"product","link":"https:\/\/www.chocolat-suisse-en-ligne.ch\/de\/produkt\/praline-mit-firmenlogo\/","title":{"rendered":"Praline mit Firmenlogo"},"content":{"rendered":"<p>Mit einem Logo oder pers\u00f6nlichem Text auf einem Praline erhalten Sie 100% aufmerksamkeit! Sehr gute Marketingstrategie!<\/p>\n","protected":false},"excerpt":{"rendered":"<ul>\n<li>Preis je nach Schachtelgr\u00f6sse<\/li>\n<li>Mindestbestellung : 1000 St\u00fcck Pralinen<\/li>\n<li>Alle sorten M\u00f6glich, weisse und dunkle Schokolade, Milchschokolade<\/li>\n<li>Langeckig oder Viereckig<\/li>\n<li>Goldiger und schwarzer Logoaufdruck oder farbig gestaltet<\/li>\n<li>Frist zur Realisation ungef\u00e4hr 6 Monate<\/li>\n<\/ul>\n","protected":false},"featured_media":1536,"template":"","meta":[],"product_brand":[],"product_cat":[190,130],"product_tag":[154],"class_list":{"0":"post-1822","1":"product","2":"type-product","3":"status-publish","4":"has-post-thumbnail","6":"product_cat-avec-logo-dentreprise-de","7":"product_cat-spezialitaten","8":"product_tag-logo-chocolat-de","10":"first","11":"instock","12":"taxable","13":"shipping-taxable","14":"purchasable","15":"product-type-variable"},"bundled_by":[],"bundle_stock_status":"instock","bundle_stock_quantity":null,"bundle_virtual":false,"bundle_layout":"","bundle_add_to_cart_form_location":"","bundle_editable_in_cart":false,"bundle_sold_individually_context":"","bundle_item_grouping":"","bundle_min_size":"","bundle_max_size":"","bundle_price":[],"bundled_items":[],"bundle_sell_ids":[],"yoast_head":"<!-- This site is optimized with the Yoast SEO plugin v27.5 - https:\/\/yoast.com\/product\/yoast-seo-wordpress\/ -->\n<title>Praline mit Firmenlogo | CHOCOLAT ARTISANAL SUISSE EN LIGNE | L&#039;Origine<\/title>\n<meta name=\"robots\" content=\"index, follow, max-snippet:-1, max-image-preview:large, max-video-preview:-1\" \/>\n<link rel=\"canonical\" href=\"https:\/\/www.chocolat-suisse-en-ligne.ch\/de\/produkt\/praline-mit-firmenlogo\/\" \/>\n<meta property=\"og:locale\" content=\"de_DE\" \/>\n<meta property=\"og:type\" content=\"article\" \/>\n<meta property=\"og:title\" content=\"Praline mit Firmenlogo | CHOCOLAT ARTISANAL SUISSE EN LIGNE | L&#039;Origine\" \/>\n<meta property=\"og:description\" content=\"Preis je nach Schachtelgr\u00f6sse  Mindestbestellung : 1000 St\u00fcck Pralinen  Alle sorten M\u00f6glich, weisse und dunkle Schokolade, Milchschokolade  Langeckig oder Viereckig  Goldiger und schwarzer Logoaufdruck oder farbig gestaltet  Frist zur Realisation ungef\u00e4hr 6 Monate\" \/>\n<meta property=\"og:url\" content=\"https:\/\/www.chocolat-suisse-en-ligne.ch\/de\/produkt\/praline-mit-firmenlogo\/\" \/>\n<meta property=\"og:site_name\" content=\"CHOCOLAT ARTISANAL SUISSE EN LIGNE | L&#039;Origine\" \/>\n<meta property=\"article:modified_time\" content=\"2023-10-25T07:56:34+00:00\" \/>\n<meta property=\"og:image\" content=\"https:\/\/www.chocolat-suisse-en-ligne.ch\/wp-content\/uploads\/2023\/06\/pralines-l-origine-chocolaterie-artisanale-carre.jpg\" \/>\n\t<meta property=\"og:image:width\" content=\"1080\" \/>\n\t<meta property=\"og:image:height\" content=\"1080\" \/>\n\t<meta property=\"og:image:type\" content=\"image\/jpeg\" \/>\n<meta name=\"twitter:card\" content=\"summary_large_image\" \/>\n<meta name=\"twitter:label1\" content=\"Gesch\u00e4tzte Lesezeit\" \/>\n\t<meta name=\"twitter:data1\" content=\"1\u00a0Minute\" \/>\n<script type=\"application\/ld+json\" class=\"yoast-schema-graph\">{\"@context\":\"https:\\\/\\\/schema.org\",\"@graph\":[{\"@type\":\"WebPage\",\"@id\":\"https:\\\/\\\/www.chocolat-suisse-en-ligne.ch\\\/de\\\/produkt\\\/praline-mit-firmenlogo\\\/\",\"url\":\"https:\\\/\\\/www.chocolat-suisse-en-ligne.ch\\\/de\\\/produkt\\\/praline-mit-firmenlogo\\\/\",\"name\":\"Praline mit Firmenlogo | CHOCOLAT ARTISANAL SUISSE EN LIGNE | L&#039;Origine\",\"isPartOf\":{\"@id\":\"https:\\\/\\\/www.chocolat-suisse-en-ligne.ch\\\/de\\\/#website\"},\"primaryImageOfPage\":{\"@id\":\"https:\\\/\\\/www.chocolat-suisse-en-ligne.ch\\\/de\\\/produkt\\\/praline-mit-firmenlogo\\\/#primaryimage\"},\"image\":{\"@id\":\"https:\\\/\\\/www.chocolat-suisse-en-ligne.ch\\\/de\\\/produkt\\\/praline-mit-firmenlogo\\\/#primaryimage\"},\"thumbnailUrl\":\"https:\\\/\\\/www.chocolat-suisse-en-ligne.ch\\\/wp-content\\\/uploads\\\/2023\\\/06\\\/pralines-l-origine-chocolaterie-artisanale-carre.jpg\",\"datePublished\":\"2023-06-26T13:23:55+00:00\",\"dateModified\":\"2023-10-25T07:56:34+00:00\",\"breadcrumb\":{\"@id\":\"https:\\\/\\\/www.chocolat-suisse-en-ligne.ch\\\/de\\\/produkt\\\/praline-mit-firmenlogo\\\/#breadcrumb\"},\"inLanguage\":\"de\",\"potentialAction\":[{\"@type\":\"ReadAction\",\"target\":[\"https:\\\/\\\/www.chocolat-suisse-en-ligne.ch\\\/de\\\/produkt\\\/praline-mit-firmenlogo\\\/\"]}]},{\"@type\":\"ImageObject\",\"inLanguage\":\"de\",\"@id\":\"https:\\\/\\\/www.chocolat-suisse-en-ligne.ch\\\/de\\\/produkt\\\/praline-mit-firmenlogo\\\/#primaryimage\",\"url\":\"https:\\\/\\\/www.chocolat-suisse-en-ligne.ch\\\/wp-content\\\/uploads\\\/2023\\\/06\\\/pralines-l-origine-chocolaterie-artisanale-carre.jpg\",\"contentUrl\":\"https:\\\/\\\/www.chocolat-suisse-en-ligne.ch\\\/wp-content\\\/uploads\\\/2023\\\/06\\\/pralines-l-origine-chocolaterie-artisanale-carre.jpg\",\"width\":1080,\"height\":1080,\"caption\":\"Chocolats avec logo entreprise\"},{\"@type\":\"BreadcrumbList\",\"@id\":\"https:\\\/\\\/www.chocolat-suisse-en-ligne.ch\\\/de\\\/produkt\\\/praline-mit-firmenlogo\\\/#breadcrumb\",\"itemListElement\":[{\"@type\":\"ListItem\",\"position\":1,\"name\":\"Startseite\",\"item\":\"https:\\\/\\\/www.chocolat-suisse-en-ligne.ch\\\/de\\\/\"},{\"@type\":\"ListItem\",\"position\":2,\"name\":\"SHOP\",\"item\":\"https:\\\/\\\/www.chocolat-suisse-en-ligne.ch\\\/de\\\/shop-2\\\/\"},{\"@type\":\"ListItem\",\"position\":3,\"name\":\"Praline mit Firmenlogo\"}]},{\"@type\":\"WebSite\",\"@id\":\"https:\\\/\\\/www.chocolat-suisse-en-ligne.ch\\\/de\\\/#website\",\"url\":\"https:\\\/\\\/www.chocolat-suisse-en-ligne.ch\\\/de\\\/\",\"name\":\"CHOCOLAT ARTISANAL SUISSE EN LIGNE | L&#039;Origine\",\"description\":\"Le v\u00e9ritable chocolat artisanal suisse en ligne \u00e0 base de lait frais de la Gruy\u00e8re. Ccomposez votre bo\u00eete de chocolat et commandez en ligne.\",\"publisher\":{\"@id\":\"https:\\\/\\\/www.chocolat-suisse-en-ligne.ch\\\/de\\\/#organization\"},\"potentialAction\":[{\"@type\":\"SearchAction\",\"target\":{\"@type\":\"EntryPoint\",\"urlTemplate\":\"https:\\\/\\\/www.chocolat-suisse-en-ligne.ch\\\/de\\\/?s={search_term_string}\"},\"query-input\":{\"@type\":\"PropertyValueSpecification\",\"valueRequired\":true,\"valueName\":\"search_term_string\"}}],\"inLanguage\":\"de\"},{\"@type\":\"Organization\",\"@id\":\"https:\\\/\\\/www.chocolat-suisse-en-ligne.ch\\\/de\\\/#organization\",\"name\":\"L\u2019Origine Chocolaterie Artisanale\",\"url\":\"https:\\\/\\\/www.chocolat-suisse-en-ligne.ch\\\/de\\\/\",\"logo\":{\"@type\":\"ImageObject\",\"inLanguage\":\"de\",\"@id\":\"https:\\\/\\\/www.chocolat-suisse-en-ligne.ch\\\/de\\\/#\\\/schema\\\/logo\\\/image\\\/\",\"url\":\"https:\\\/\\\/www.chocolat-suisse-en-ligne.ch\\\/wp-content\\\/uploads\\\/2023\\\/05\\\/cropped-Group-741.png\",\"contentUrl\":\"https:\\\/\\\/www.chocolat-suisse-en-ligne.ch\\\/wp-content\\\/uploads\\\/2023\\\/05\\\/cropped-Group-741.png\",\"width\":150,\"height\":99,\"caption\":\"L\u2019Origine Chocolaterie Artisanale\"},\"image\":{\"@id\":\"https:\\\/\\\/www.chocolat-suisse-en-ligne.ch\\\/de\\\/#\\\/schema\\\/logo\\\/image\\\/\"}}]}<\/script>\n<!-- \/ Yoast SEO plugin. -->","yoast_head_json":{"title":"Praline mit Firmenlogo | CHOCOLAT ARTISANAL SUISSE EN LIGNE | L&#039;Origine","robots":{"index":"index","follow":"follow","max-snippet":"max-snippet:-1","max-image-preview":"max-image-preview:large","max-video-preview":"max-video-preview:-1"},"canonical":"https:\/\/www.chocolat-suisse-en-ligne.ch\/de\/produkt\/praline-mit-firmenlogo\/","og_locale":"de_DE","og_type":"article","og_title":"Praline mit Firmenlogo | CHOCOLAT ARTISANAL SUISSE EN LIGNE | L&#039;Origine","og_description":"Preis je nach Schachtelgr\u00f6sse  Mindestbestellung : 1000 St\u00fcck Pralinen  Alle sorten M\u00f6glich, weisse und dunkle Schokolade, Milchschokolade  Langeckig oder Viereckig  Goldiger und schwarzer Logoaufdruck oder farbig gestaltet  Frist zur Realisation ungef\u00e4hr 6 Monate","og_url":"https:\/\/www.chocolat-suisse-en-ligne.ch\/de\/produkt\/praline-mit-firmenlogo\/","og_site_name":"CHOCOLAT ARTISANAL SUISSE EN LIGNE | L&#039;Origine","article_modified_time":"2023-10-25T07:56:34+00:00","og_image":[{"width":1080,"height":1080,"url":"https:\/\/www.chocolat-suisse-en-ligne.ch\/wp-content\/uploads\/2023\/06\/pralines-l-origine-chocolaterie-artisanale-carre.jpg","type":"image\/jpeg"}],"twitter_card":"summary_large_image","twitter_misc":{"Gesch\u00e4tzte Lesezeit":"1\u00a0Minute"},"schema":{"@context":"https:\/\/schema.org","@graph":[{"@type":"WebPage","@id":"https:\/\/www.chocolat-suisse-en-ligne.ch\/de\/produkt\/praline-mit-firmenlogo\/","url":"https:\/\/www.chocolat-suisse-en-ligne.ch\/de\/produkt\/praline-mit-firmenlogo\/","name":"Praline mit Firmenlogo | CHOCOLAT ARTISANAL SUISSE EN LIGNE | L&#039;Origine","isPartOf":{"@id":"https:\/\/www.chocolat-suisse-en-ligne.ch\/de\/#website"},"primaryImageOfPage":{"@id":"https:\/\/www.chocolat-suisse-en-ligne.ch\/de\/produkt\/praline-mit-firmenlogo\/#primaryimage"},"image":{"@id":"https:\/\/www.chocolat-suisse-en-ligne.ch\/de\/produkt\/praline-mit-firmenlogo\/#primaryimage"},"thumbnailUrl":"https:\/\/www.chocolat-suisse-en-ligne.ch\/wp-content\/uploads\/2023\/06\/pralines-l-origine-chocolaterie-artisanale-carre.jpg","datePublished":"2023-06-26T13:23:55+00:00","dateModified":"2023-10-25T07:56:34+00:00","breadcrumb":{"@id":"https:\/\/www.chocolat-suisse-en-ligne.ch\/de\/produkt\/praline-mit-firmenlogo\/#breadcrumb"},"inLanguage":"de","potentialAction":[{"@type":"ReadAction","target":["https:\/\/www.chocolat-suisse-en-ligne.ch\/de\/produkt\/praline-mit-firmenlogo\/"]}]},{"@type":"ImageObject","inLanguage":"de","@id":"https:\/\/www.chocolat-suisse-en-ligne.ch\/de\/produkt\/praline-mit-firmenlogo\/#primaryimage","url":"https:\/\/www.chocolat-suisse-en-ligne.ch\/wp-content\/uploads\/2023\/06\/pralines-l-origine-chocolaterie-artisanale-carre.jpg","contentUrl":"https:\/\/www.chocolat-suisse-en-ligne.ch\/wp-content\/uploads\/2023\/06\/pralines-l-origine-chocolaterie-artisanale-carre.jpg","width":1080,"height":1080,"caption":"Chocolats avec logo entreprise"},{"@type":"BreadcrumbList","@id":"https:\/\/www.chocolat-suisse-en-ligne.ch\/de\/produkt\/praline-mit-firmenlogo\/#breadcrumb","itemListElement":[{"@type":"ListItem","position":1,"name":"Startseite","item":"https:\/\/www.chocolat-suisse-en-ligne.ch\/de\/"},{"@type":"ListItem","position":2,"name":"SHOP","item":"https:\/\/www.chocolat-suisse-en-ligne.ch\/de\/shop-2\/"},{"@type":"ListItem","position":3,"name":"Praline mit Firmenlogo"}]},{"@type":"WebSite","@id":"https:\/\/www.chocolat-suisse-en-ligne.ch\/de\/#website","url":"https:\/\/www.chocolat-suisse-en-ligne.ch\/de\/","name":"CHOCOLAT ARTISANAL SUISSE EN LIGNE | L&#039;Origine","description":"Le v\u00e9ritable chocolat artisanal suisse en ligne \u00e0 base de lait frais de la Gruy\u00e8re. Ccomposez votre bo\u00eete de chocolat et commandez en ligne.","publisher":{"@id":"https:\/\/www.chocolat-suisse-en-ligne.ch\/de\/#organization"},"potentialAction":[{"@type":"SearchAction","target":{"@type":"EntryPoint","urlTemplate":"https:\/\/www.chocolat-suisse-en-ligne.ch\/de\/?s={search_term_string}"},"query-input":{"@type":"PropertyValueSpecification","valueRequired":true,"valueName":"search_term_string"}}],"inLanguage":"de"},{"@type":"Organization","@id":"https:\/\/www.chocolat-suisse-en-ligne.ch\/de\/#organization","name":"L\u2019Origine Chocolaterie Artisanale","url":"https:\/\/www.chocolat-suisse-en-ligne.ch\/de\/","logo":{"@type":"ImageObject","inLanguage":"de","@id":"https:\/\/www.chocolat-suisse-en-ligne.ch\/de\/#\/schema\/logo\/image\/","url":"https:\/\/www.chocolat-suisse-en-ligne.ch\/wp-content\/uploads\/2023\/05\/cropped-Group-741.png","contentUrl":"https:\/\/www.chocolat-suisse-en-ligne.ch\/wp-content\/uploads\/2023\/05\/cropped-Group-741.png","width":150,"height":99,"caption":"L\u2019Origine Chocolaterie Artisanale"},"image":{"@id":"https:\/\/www.chocolat-suisse-en-ligne.ch\/de\/#\/schema\/logo\/image\/"}}]}},"_links":{"self":[{"href":"https:\/\/www.chocolat-suisse-en-ligne.ch\/de\/wp-json\/wp\/v2\/product\/1822","targetHints":{"allow":["GET"]}}],"collection":[{"href":"https:\/\/www.chocolat-suisse-en-ligne.ch\/de\/wp-json\/wp\/v2\/product"}],"about":[{"href":"https:\/\/www.chocolat-suisse-en-ligne.ch\/de\/wp-json\/wp\/v2\/types\/product"}],"wp:featuredmedia":[{"embeddable":true,"href":"https:\/\/www.chocolat-suisse-en-ligne.ch\/de\/wp-json\/wp\/v2\/media\/1536"}],"wp:attachment":[{"href":"https:\/\/www.chocolat-suisse-en-ligne.ch\/de\/wp-json\/wp\/v2\/media?parent=1822"}],"wp:term":[{"taxonomy":"product_brand","embeddable":true,"href":"https:\/\/www.chocolat-suisse-en-ligne.ch\/de\/wp-json\/wp\/v2\/product_brand?post=1822"},{"taxonomy":"product_cat","embeddable":true,"href":"https:\/\/www.chocolat-suisse-en-ligne.ch\/de\/wp-json\/wp\/v2\/product_cat?post=1822"},{"taxonomy":"product_tag","embeddable":true,"href":"https:\/\/www.chocolat-suisse-en-ligne.ch\/de\/wp-json\/wp\/v2\/product_tag?post=1822"}],"curies":[{"name":"wp","href":"https:\/\/api.w.org\/{rel}","templated":true}]}}