{"id":3660,"date":"2025-09-28T13:26:28","date_gmt":"2025-09-28T11:26:28","guid":{"rendered":"https:\/\/www.chocolat-suisse-en-ligne.ch\/?post_type=product&#038;p=3660"},"modified":"2025-12-28T12:26:54","modified_gmt":"2025-12-28T11:26:54","slug":"selber-aussuchen-36er-schachtel-copie","status":"publish","type":"product","link":"https:\/\/www.chocolat-suisse-en-ligne.ch\/de\/produkt\/selber-aussuchen-36er-schachtel-copie\/","title":{"rendered":"Wein und Schokolade"},"content":{"rendered":"<p>G\u00f6nnen Sie sich einen Moment purer Genussfreude mit diesem raffinierten Duo aus einem au\u00dfergew\u00f6hnlichen Wein und handgemachter Schokolade.<\/p>\n","protected":false},"excerpt":{"rendered":"<p>In einer eleganten Tasche pr\u00e4sentiert, ist dieses Duo die ideale Kombination, um einen lieben Menschen zu \u00fcberraschen oder einfach einen Moment des Genusses zu genie\u00dfen.<br \/>\nSie haben die Wahl verschiedener Schokoladen und der Flasche Rotwein Ollon Assemblage 2022 (Gamaret, Gallotta, Syrah) 70 cl.<\/p>\n","protected":false},"featured_media":3662,"template":"","meta":[],"product_brand":[],"product_cat":[105],"product_tag":[117,118,119,120],"class_list":{"0":"post-3660","1":"product","2":"type-product","3":"status-publish","4":"has-post-thumbnail","6":"product_cat-avec-logo-dentreprise","7":"product_tag-boite-de","8":"product_tag-chocolat-de","9":"product_tag-decouverte-de","10":"product_tag-pralines-de","12":"first","13":"instock","14":"taxable","15":"shipping-taxable","16":"purchasable","17":"product-type-bundle"},"bundled_by":[],"bundle_stock_status":"instock","bundle_stock_quantity":"","bundle_virtual":false,"bundle_layout":"tabular","bundle_add_to_cart_form_location":"default","bundle_editable_in_cart":false,"bundle_sold_individually_context":"product","bundle_item_grouping":"parent","bundle_min_size":2,"bundle_max_size":2,"bundle_price":{"price":{"min":{"incl_tax":"39","excl_tax":"38"},"max":{"incl_tax":"39","excl_tax":"38"}},"regular_price":{"min":{"incl_tax":"39","excl_tax":"38"},"max":{"incl_tax":"39","excl_tax":"38"}}},"bundled_items":[{"bundled_item_id":992,"product_id":3677,"menu_order":0,"quantity_min":1,"quantity_max":1,"quantity_default":1,"priced_individually":false,"shipped_individually":false,"override_title":false,"title":"Assemblage 2022 (Gamaret, Gallotta, Syrah) 70cl","override_description":false,"description":"Assemblage 2022 (Gamaret, Gallotta, Syrah) 70cl","optional":false,"hide_thumbnail":false,"discount":"","override_variations":false,"allowed_variations":[""],"override_default_variation_attributes":false,"default_variation_attributes":[],"single_product_visibility":"visible","cart_visibility":"visible","order_visibility":"visible","single_product_price_visibility":"visible","cart_price_visibility":"visible","order_price_visibility":"visible","stock_status":"in_stock"},{"bundled_item_id":998,"product_id":3715,"menu_order":1,"quantity_min":0,"quantity_max":1,"quantity_default":0,"priced_individually":false,"shipped_individually":false,"override_title":false,"title":"Tafel weisse Schokolade","override_description":false,"description":"Tafel weisse Schokolade","optional":false,"hide_thumbnail":false,"discount":"","override_variations":false,"allowed_variations":[""],"override_default_variation_attributes":false,"default_variation_attributes":[],"single_product_visibility":"visible","cart_visibility":"visible","order_visibility":"visible","single_product_price_visibility":"visible","cart_price_visibility":"visible","order_price_visibility":"visible","stock_status":"in_stock"},{"bundled_item_id":993,"product_id":3690,"menu_order":2,"quantity_min":0,"quantity_max":1,"quantity_default":0,"priced_individually":false,"shipped_individually":false,"override_title":false,"title":"Zartbitter Schokolade mit Orangengeschmack","override_description":false,"description":"Zartbitter Schokolade mit Orangengeschmack","optional":false,"hide_thumbnail":false,"discount":"","override_variations":false,"allowed_variations":[""],"override_default_variation_attributes":false,"default_variation_attributes":[],"single_product_visibility":"visible","cart_visibility":"visible","order_visibility":"visible","single_product_price_visibility":"visible","cart_price_visibility":"visible","order_price_visibility":"visible","stock_status":"in_stock"},{"bundled_item_id":999,"product_id":3713,"menu_order":3,"quantity_min":0,"quantity_max":1,"quantity_default":0,"priced_individually":false,"shipped_individually":false,"override_title":false,"title":"Zartbitter Tafel","override_description":false,"description":"Zartbitter Tafel","optional":false,"hide_thumbnail":false,"discount":"","override_variations":false,"allowed_variations":[""],"override_default_variation_attributes":false,"default_variation_attributes":[],"single_product_visibility":"visible","cart_visibility":"visible","order_visibility":"visible","single_product_price_visibility":"visible","cart_price_visibility":"visible","order_price_visibility":"visible","stock_status":"in_stock"},{"bundled_item_id":1000,"product_id":3714,"menu_order":4,"quantity_min":0,"quantity_max":1,"quantity_default":0,"priced_individually":false,"shipped_individually":false,"override_title":false,"title":"Tafel Milchschokolade","override_description":false,"description":"Tafel Milchschokolade","optional":false,"hide_thumbnail":false,"discount":"","override_variations":false,"allowed_variations":[""],"override_default_variation_attributes":false,"default_variation_attributes":[],"single_product_visibility":"visible","cart_visibility":"visible","order_visibility":"visible","single_product_price_visibility":"visible","cart_price_visibility":"visible","order_price_visibility":"visible","stock_status":"in_stock"},{"bundled_item_id":994,"product_id":3692,"menu_order":5,"quantity_min":0,"quantity_max":1,"quantity_default":0,"priced_individually":false,"shipped_individually":false,"override_title":false,"title":"Milchschokolade mit Karamelgeschmack","override_description":false,"description":"Milchschokolade mit Karamelgeschmack","optional":false,"hide_thumbnail":false,"discount":"","override_variations":false,"allowed_variations":[""],"override_default_variation_attributes":false,"default_variation_attributes":[],"single_product_visibility":"visible","cart_visibility":"visible","order_visibility":"visible","single_product_price_visibility":"visible","cart_price_visibility":"visible","order_price_visibility":"visible","stock_status":"in_stock"},{"bundled_item_id":995,"product_id":3673,"menu_order":6,"quantity_min":0,"quantity_max":1,"quantity_default":0,"priced_individually":false,"shipped_individually":false,"override_title":false,"title":"Stick Zartbitter mit Mandeln und Haseln\u00fcssen","override_description":false,"description":"Stick Zartbitter mit Mandeln und Haseln\u00fcssen","optional":false,"hide_thumbnail":false,"discount":"","override_variations":false,"allowed_variations":[""],"override_default_variation_attributes":false,"default_variation_attributes":[],"single_product_visibility":"visible","cart_visibility":"visible","order_visibility":"visible","single_product_price_visibility":"visible","cart_price_visibility":"visible","order_price_visibility":"visible","stock_status":"in_stock"},{"bundled_item_id":981,"product_id":3665,"menu_order":7,"quantity_min":0,"quantity_max":1,"quantity_default":0,"priced_individually":false,"shipped_individually":false,"override_title":false,"title":"Stick Milchschokolade mit Mandeln und Haseln\u00fcssen","override_description":false,"description":"Stick Milchschokolade mit Mandeln und Haseln\u00fcssen","optional":false,"hide_thumbnail":false,"discount":"","override_variations":false,"allowed_variations":[""],"override_default_variation_attributes":false,"default_variation_attributes":[],"single_product_visibility":"visible","cart_visibility":"visible","order_visibility":"visible","single_product_price_visibility":"visible","cart_price_visibility":"visible","order_price_visibility":"visible","stock_status":"in_stock"},{"bundled_item_id":996,"product_id":3686,"menu_order":8,"quantity_min":0,"quantity_max":1,"quantity_default":0,"priced_individually":false,"shipped_individually":false,"override_title":false,"title":"Zarte kleine Schoggeli","override_description":false,"description":"Zarte kleine Schoggeli","optional":false,"hide_thumbnail":false,"discount":"","override_variations":false,"allowed_variations":[""],"override_default_variation_attributes":false,"default_variation_attributes":[],"single_product_visibility":"visible","cart_visibility":"visible","order_visibility":"visible","single_product_price_visibility":"visible","cart_price_visibility":"visible","order_price_visibility":"visible","stock_status":"in_stock"},{"bundled_item_id":997,"product_id":3697,"menu_order":9,"quantity_min":0,"quantity_max":1,"quantity_default":0,"priced_individually":false,"shipped_individually":false,"override_title":false,"title":"Orangenst\u00e4bchen","override_description":false,"description":"Orangenst\u00e4bchen","optional":false,"hide_thumbnail":false,"discount":"","override_variations":false,"allowed_variations":[""],"override_default_variation_attributes":false,"default_variation_attributes":[],"single_product_visibility":"visible","cart_visibility":"visible","order_visibility":"visible","single_product_price_visibility":"visible","cart_price_visibility":"visible","order_price_visibility":"visible","stock_status":"in_stock"},{"bundled_item_id":1071,"product_id":3743,"menu_order":10,"quantity_min":0,"quantity_max":1,"quantity_default":0,"priced_individually":false,"shipped_individually":false,"override_title":false,"title":"Die dreier mini Tafel 90g","override_description":false,"description":"Die dreier mini Tafel 90g","optional":false,"hide_thumbnail":false,"discount":"","override_variations":false,"allowed_variations":[""],"override_default_variation_attributes":false,"default_variation_attributes":[],"single_product_visibility":"visible","cart_visibility":"visible","order_visibility":"visible","single_product_price_visibility":"visible","cart_price_visibility":"visible","order_price_visibility":"visible","stock_status":"in_stock"}],"bundle_sell_ids":[],"yoast_head":"<!-- This site is optimized with the Yoast SEO plugin v27.5 - https:\/\/yoast.com\/product\/yoast-seo-wordpress\/ -->\n<title>Wein und Schokolade | CHOCOLAT ARTISANAL SUISSE EN LIGNE | L&#039;Origine<\/title>\n<meta name=\"robots\" content=\"index, follow, max-snippet:-1, max-image-preview:large, max-video-preview:-1\" \/>\n<link rel=\"canonical\" href=\"https:\/\/www.chocolat-suisse-en-ligne.ch\/de\/produkt\/selber-aussuchen-36er-schachtel-copie\/\" \/>\n<meta property=\"og:locale\" content=\"de_DE\" \/>\n<meta property=\"og:type\" content=\"article\" \/>\n<meta property=\"og:title\" content=\"Wein und Schokolade | CHOCOLAT ARTISANAL SUISSE EN LIGNE | L&#039;Origine\" \/>\n<meta property=\"og:description\" content=\"In einer eleganten Tasche pr\u00e4sentiert, ist dieses Duo die ideale Kombination, um einen lieben Menschen zu \u00fcberraschen oder einfach einen Moment des Genusses zu genie\u00dfen. Sie haben die Wahl verschiedener Schokoladen und der Flasche Rotwein Ollon Assemblage 2022 (Gamaret, Gallotta, Syrah) 70 cl.\" \/>\n<meta property=\"og:url\" content=\"https:\/\/www.chocolat-suisse-en-ligne.ch\/de\/produkt\/selber-aussuchen-36er-schachtel-copie\/\" \/>\n<meta property=\"og:site_name\" content=\"CHOCOLAT ARTISANAL SUISSE EN LIGNE | L&#039;Origine\" \/>\n<meta property=\"article:modified_time\" content=\"2025-12-28T11:26:54+00:00\" \/>\n<meta property=\"og:image\" content=\"https:\/\/www.chocolat-suisse-en-ligne.ch\/wp-content\/uploads\/2025\/09\/Bouteille-stick.jpg\" \/>\n\t<meta property=\"og:image:width\" content=\"254\" \/>\n\t<meta property=\"og:image:height\" content=\"640\" \/>\n\t<meta property=\"og:image:type\" content=\"image\/jpeg\" \/>\n<meta name=\"twitter:card\" content=\"summary_large_image\" \/>\n<meta name=\"twitter:label1\" content=\"Gesch\u00e4tzte Lesezeit\" \/>\n\t<meta name=\"twitter:data1\" content=\"1\u00a0Minute\" \/>\n<script type=\"application\/ld+json\" class=\"yoast-schema-graph\">{\"@context\":\"https:\\\/\\\/schema.org\",\"@graph\":[{\"@type\":\"WebPage\",\"@id\":\"https:\\\/\\\/www.chocolat-suisse-en-ligne.ch\\\/de\\\/produkt\\\/selber-aussuchen-36er-schachtel-copie\\\/\",\"url\":\"https:\\\/\\\/www.chocolat-suisse-en-ligne.ch\\\/de\\\/produkt\\\/selber-aussuchen-36er-schachtel-copie\\\/\",\"name\":\"Wein und Schokolade | CHOCOLAT ARTISANAL SUISSE EN LIGNE | L&#039;Origine\",\"isPartOf\":{\"@id\":\"https:\\\/\\\/www.chocolat-suisse-en-ligne.ch\\\/de\\\/#website\"},\"primaryImageOfPage\":{\"@id\":\"https:\\\/\\\/www.chocolat-suisse-en-ligne.ch\\\/de\\\/produkt\\\/selber-aussuchen-36er-schachtel-copie\\\/#primaryimage\"},\"image\":{\"@id\":\"https:\\\/\\\/www.chocolat-suisse-en-ligne.ch\\\/de\\\/produkt\\\/selber-aussuchen-36er-schachtel-copie\\\/#primaryimage\"},\"thumbnailUrl\":\"https:\\\/\\\/www.chocolat-suisse-en-ligne.ch\\\/wp-content\\\/uploads\\\/2025\\\/09\\\/Bouteille-stick.jpg\",\"datePublished\":\"2025-09-28T11:26:28+00:00\",\"dateModified\":\"2025-12-28T11:26:54+00:00\",\"breadcrumb\":{\"@id\":\"https:\\\/\\\/www.chocolat-suisse-en-ligne.ch\\\/de\\\/produkt\\\/selber-aussuchen-36er-schachtel-copie\\\/#breadcrumb\"},\"inLanguage\":\"de\",\"potentialAction\":[{\"@type\":\"ReadAction\",\"target\":[\"https:\\\/\\\/www.chocolat-suisse-en-ligne.ch\\\/de\\\/produkt\\\/selber-aussuchen-36er-schachtel-copie\\\/\"]}]},{\"@type\":\"ImageObject\",\"inLanguage\":\"de\",\"@id\":\"https:\\\/\\\/www.chocolat-suisse-en-ligne.ch\\\/de\\\/produkt\\\/selber-aussuchen-36er-schachtel-copie\\\/#primaryimage\",\"url\":\"https:\\\/\\\/www.chocolat-suisse-en-ligne.ch\\\/wp-content\\\/uploads\\\/2025\\\/09\\\/Bouteille-stick.jpg\",\"contentUrl\":\"https:\\\/\\\/www.chocolat-suisse-en-ligne.ch\\\/wp-content\\\/uploads\\\/2025\\\/09\\\/Bouteille-stick.jpg\",\"width\":254,\"height\":640},{\"@type\":\"BreadcrumbList\",\"@id\":\"https:\\\/\\\/www.chocolat-suisse-en-ligne.ch\\\/de\\\/produkt\\\/selber-aussuchen-36er-schachtel-copie\\\/#breadcrumb\",\"itemListElement\":[{\"@type\":\"ListItem\",\"position\":1,\"name\":\"Startseite\",\"item\":\"https:\\\/\\\/www.chocolat-suisse-en-ligne.ch\\\/de\\\/\"},{\"@type\":\"ListItem\",\"position\":2,\"name\":\"SHOP\",\"item\":\"https:\\\/\\\/www.chocolat-suisse-en-ligne.ch\\\/de\\\/shop-2\\\/\"},{\"@type\":\"ListItem\",\"position\":3,\"name\":\"Wein und Schokolade\"}]},{\"@type\":\"WebSite\",\"@id\":\"https:\\\/\\\/www.chocolat-suisse-en-ligne.ch\\\/de\\\/#website\",\"url\":\"https:\\\/\\\/www.chocolat-suisse-en-ligne.ch\\\/de\\\/\",\"name\":\"CHOCOLAT ARTISANAL SUISSE EN LIGNE | L&#039;Origine\",\"description\":\"Le v\u00e9ritable chocolat artisanal suisse en ligne \u00e0 base de lait frais de la Gruy\u00e8re. Ccomposez votre bo\u00eete de chocolat et commandez en ligne.\",\"publisher\":{\"@id\":\"https:\\\/\\\/www.chocolat-suisse-en-ligne.ch\\\/de\\\/#organization\"},\"potentialAction\":[{\"@type\":\"SearchAction\",\"target\":{\"@type\":\"EntryPoint\",\"urlTemplate\":\"https:\\\/\\\/www.chocolat-suisse-en-ligne.ch\\\/de\\\/?s={search_term_string}\"},\"query-input\":{\"@type\":\"PropertyValueSpecification\",\"valueRequired\":true,\"valueName\":\"search_term_string\"}}],\"inLanguage\":\"de\"},{\"@type\":\"Organization\",\"@id\":\"https:\\\/\\\/www.chocolat-suisse-en-ligne.ch\\\/de\\\/#organization\",\"name\":\"L\u2019Origine Chocolaterie Artisanale\",\"url\":\"https:\\\/\\\/www.chocolat-suisse-en-ligne.ch\\\/de\\\/\",\"logo\":{\"@type\":\"ImageObject\",\"inLanguage\":\"de\",\"@id\":\"https:\\\/\\\/www.chocolat-suisse-en-ligne.ch\\\/de\\\/#\\\/schema\\\/logo\\\/image\\\/\",\"url\":\"https:\\\/\\\/www.chocolat-suisse-en-ligne.ch\\\/wp-content\\\/uploads\\\/2023\\\/05\\\/cropped-Group-741.png\",\"contentUrl\":\"https:\\\/\\\/www.chocolat-suisse-en-ligne.ch\\\/wp-content\\\/uploads\\\/2023\\\/05\\\/cropped-Group-741.png\",\"width\":150,\"height\":99,\"caption\":\"L\u2019Origine Chocolaterie Artisanale\"},\"image\":{\"@id\":\"https:\\\/\\\/www.chocolat-suisse-en-ligne.ch\\\/de\\\/#\\\/schema\\\/logo\\\/image\\\/\"}}]}<\/script>\n<!-- \/ Yoast SEO plugin. -->","yoast_head_json":{"title":"Wein und Schokolade | CHOCOLAT ARTISANAL SUISSE EN LIGNE | L&#039;Origine","robots":{"index":"index","follow":"follow","max-snippet":"max-snippet:-1","max-image-preview":"max-image-preview:large","max-video-preview":"max-video-preview:-1"},"canonical":"https:\/\/www.chocolat-suisse-en-ligne.ch\/de\/produkt\/selber-aussuchen-36er-schachtel-copie\/","og_locale":"de_DE","og_type":"article","og_title":"Wein und Schokolade | CHOCOLAT ARTISANAL SUISSE EN LIGNE | L&#039;Origine","og_description":"In einer eleganten Tasche pr\u00e4sentiert, ist dieses Duo die ideale Kombination, um einen lieben Menschen zu \u00fcberraschen oder einfach einen Moment des Genusses zu genie\u00dfen. Sie haben die Wahl verschiedener Schokoladen und der Flasche Rotwein Ollon Assemblage 2022 (Gamaret, Gallotta, Syrah) 70 cl.","og_url":"https:\/\/www.chocolat-suisse-en-ligne.ch\/de\/produkt\/selber-aussuchen-36er-schachtel-copie\/","og_site_name":"CHOCOLAT ARTISANAL SUISSE EN LIGNE | L&#039;Origine","article_modified_time":"2025-12-28T11:26:54+00:00","og_image":[{"width":254,"height":640,"url":"https:\/\/www.chocolat-suisse-en-ligne.ch\/wp-content\/uploads\/2025\/09\/Bouteille-stick.jpg","type":"image\/jpeg"}],"twitter_card":"summary_large_image","twitter_misc":{"Gesch\u00e4tzte Lesezeit":"1\u00a0Minute"},"schema":{"@context":"https:\/\/schema.org","@graph":[{"@type":"WebPage","@id":"https:\/\/www.chocolat-suisse-en-ligne.ch\/de\/produkt\/selber-aussuchen-36er-schachtel-copie\/","url":"https:\/\/www.chocolat-suisse-en-ligne.ch\/de\/produkt\/selber-aussuchen-36er-schachtel-copie\/","name":"Wein und Schokolade | CHOCOLAT ARTISANAL SUISSE EN LIGNE | L&#039;Origine","isPartOf":{"@id":"https:\/\/www.chocolat-suisse-en-ligne.ch\/de\/#website"},"primaryImageOfPage":{"@id":"https:\/\/www.chocolat-suisse-en-ligne.ch\/de\/produkt\/selber-aussuchen-36er-schachtel-copie\/#primaryimage"},"image":{"@id":"https:\/\/www.chocolat-suisse-en-ligne.ch\/de\/produkt\/selber-aussuchen-36er-schachtel-copie\/#primaryimage"},"thumbnailUrl":"https:\/\/www.chocolat-suisse-en-ligne.ch\/wp-content\/uploads\/2025\/09\/Bouteille-stick.jpg","datePublished":"2025-09-28T11:26:28+00:00","dateModified":"2025-12-28T11:26:54+00:00","breadcrumb":{"@id":"https:\/\/www.chocolat-suisse-en-ligne.ch\/de\/produkt\/selber-aussuchen-36er-schachtel-copie\/#breadcrumb"},"inLanguage":"de","potentialAction":[{"@type":"ReadAction","target":["https:\/\/www.chocolat-suisse-en-ligne.ch\/de\/produkt\/selber-aussuchen-36er-schachtel-copie\/"]}]},{"@type":"ImageObject","inLanguage":"de","@id":"https:\/\/www.chocolat-suisse-en-ligne.ch\/de\/produkt\/selber-aussuchen-36er-schachtel-copie\/#primaryimage","url":"https:\/\/www.chocolat-suisse-en-ligne.ch\/wp-content\/uploads\/2025\/09\/Bouteille-stick.jpg","contentUrl":"https:\/\/www.chocolat-suisse-en-ligne.ch\/wp-content\/uploads\/2025\/09\/Bouteille-stick.jpg","width":254,"height":640},{"@type":"BreadcrumbList","@id":"https:\/\/www.chocolat-suisse-en-ligne.ch\/de\/produkt\/selber-aussuchen-36er-schachtel-copie\/#breadcrumb","itemListElement":[{"@type":"ListItem","position":1,"name":"Startseite","item":"https:\/\/www.chocolat-suisse-en-ligne.ch\/de\/"},{"@type":"ListItem","position":2,"name":"SHOP","item":"https:\/\/www.chocolat-suisse-en-ligne.ch\/de\/shop-2\/"},{"@type":"ListItem","position":3,"name":"Wein und Schokolade"}]},{"@type":"WebSite","@id":"https:\/\/www.chocolat-suisse-en-ligne.ch\/de\/#website","url":"https:\/\/www.chocolat-suisse-en-ligne.ch\/de\/","name":"CHOCOLAT ARTISANAL SUISSE EN LIGNE | L&#039;Origine","description":"Le v\u00e9ritable chocolat artisanal suisse en ligne \u00e0 base de lait frais de la Gruy\u00e8re. Ccomposez votre bo\u00eete de chocolat et commandez en ligne.","publisher":{"@id":"https:\/\/www.chocolat-suisse-en-ligne.ch\/de\/#organization"},"potentialAction":[{"@type":"SearchAction","target":{"@type":"EntryPoint","urlTemplate":"https:\/\/www.chocolat-suisse-en-ligne.ch\/de\/?s={search_term_string}"},"query-input":{"@type":"PropertyValueSpecification","valueRequired":true,"valueName":"search_term_string"}}],"inLanguage":"de"},{"@type":"Organization","@id":"https:\/\/www.chocolat-suisse-en-ligne.ch\/de\/#organization","name":"L\u2019Origine Chocolaterie Artisanale","url":"https:\/\/www.chocolat-suisse-en-ligne.ch\/de\/","logo":{"@type":"ImageObject","inLanguage":"de","@id":"https:\/\/www.chocolat-suisse-en-ligne.ch\/de\/#\/schema\/logo\/image\/","url":"https:\/\/www.chocolat-suisse-en-ligne.ch\/wp-content\/uploads\/2023\/05\/cropped-Group-741.png","contentUrl":"https:\/\/www.chocolat-suisse-en-ligne.ch\/wp-content\/uploads\/2023\/05\/cropped-Group-741.png","width":150,"height":99,"caption":"L\u2019Origine Chocolaterie Artisanale"},"image":{"@id":"https:\/\/www.chocolat-suisse-en-ligne.ch\/de\/#\/schema\/logo\/image\/"}}]}},"_links":{"self":[{"href":"https:\/\/www.chocolat-suisse-en-ligne.ch\/de\/wp-json\/wp\/v2\/product\/3660","targetHints":{"allow":["GET"]}}],"collection":[{"href":"https:\/\/www.chocolat-suisse-en-ligne.ch\/de\/wp-json\/wp\/v2\/product"}],"about":[{"href":"https:\/\/www.chocolat-suisse-en-ligne.ch\/de\/wp-json\/wp\/v2\/types\/product"}],"wp:featuredmedia":[{"embeddable":true,"href":"https:\/\/www.chocolat-suisse-en-ligne.ch\/de\/wp-json\/wp\/v2\/media\/3662"}],"wp:attachment":[{"href":"https:\/\/www.chocolat-suisse-en-ligne.ch\/de\/wp-json\/wp\/v2\/media?parent=3660"}],"wp:term":[{"taxonomy":"product_brand","embeddable":true,"href":"https:\/\/www.chocolat-suisse-en-ligne.ch\/de\/wp-json\/wp\/v2\/product_brand?post=3660"},{"taxonomy":"product_cat","embeddable":true,"href":"https:\/\/www.chocolat-suisse-en-ligne.ch\/de\/wp-json\/wp\/v2\/product_cat?post=3660"},{"taxonomy":"product_tag","embeddable":true,"href":"https:\/\/www.chocolat-suisse-en-ligne.ch\/de\/wp-json\/wp\/v2\/product_tag?post=3660"}],"curies":[{"name":"wp","href":"https:\/\/api.w.org\/{rel}","templated":true}]}}